{"id":25585,"date":"2020-04-26T10:24:14","date_gmt":"2020-04-26T10:24:14","guid":{"rendered":"https:\/\/enipau.ro\/produs\/uncategorized\/duvet-resineux\/"},"modified":"2020-04-26T10:24:14","modified_gmt":"2020-04-26T10:24:14","slug":"duvet-resineux","status":"publish","type":"product","link":"https:\/\/enipau.ro\/fr\/produit\/bois-depicea\/duvet-resineux\/","title":{"rendered":"Duvet r\u00e9sineux"},"content":{"rendered":"<p>La particularit\u00e9 de ce type de lame est la fente antid\u00e9rapante. Choisissez des lames de parquet en r\u00e9sine pour l&#8217;int\u00e9rieur ou l&#8217;ext\u00e9rieur et am\u00e9nagez votre maison avec des mat\u00e9riaux en bois de qualit\u00e9. Enipau a plus de 25 ans d&#8217;exp\u00e9rience dans le travail du bois. Nous livrons partout dans le pays.<\/p>\n","protected":false},"excerpt":{"rendered":"<p>Nous produisons et commercialisons des lames de parquet en bois massif r\u00e9sineux de diff\u00e9rentes dimensions. Le bois utilis\u00e9 pour fabriquer les lames a \u00e9t\u00e9 s\u00e9ch\u00e9 au four pour obtenir une qualit\u00e9 sup\u00e9rieure. Les planches sont pourvues d&#8217;Assemblage rainure et languette sur les c\u00f4t\u00e9s. Ce type de lame est utilis\u00e9 pour rev\u00eatir les sols des maisons et des chalets. Les lames de parquet en bois pr\u00e9sentent de nombreux avantages : confort thermique accru, aspect naturel et durabilit\u00e9. Le bois est trait\u00e9 antiseptiquement pour d\u00e9truire les parasites et le traitement garantit une consommation de mat\u00e9riau qui assure la protection de la surface.     <\/p>\n","protected":false},"featured_media":25586,"comment_status":"closed","ping_status":"closed","template":"","meta":{"_acf_changed":false},"product_brand":[],"product_cat":[1988,2163],"product_tag":[],"class_list":{"0":"post-25585","1":"product","2":"type-product","3":"status-publish","4":"has-post-thumbnail","6":"product_cat-bois-depicea","7":"product_cat-duvet-resineux","9":"first","10":"instock","11":"taxable","12":"shipping-taxable","13":"purchasable","14":"product-type-variable"},"acf":[],"_links":{"self":[{"href":"https:\/\/enipau.ro\/fr\/wp-json\/wp\/v2\/product\/25585","targetHints":{"allow":["GET"]}}],"collection":[{"href":"https:\/\/enipau.ro\/fr\/wp-json\/wp\/v2\/product"}],"about":[{"href":"https:\/\/enipau.ro\/fr\/wp-json\/wp\/v2\/types\/product"}],"replies":[{"embeddable":true,"href":"https:\/\/enipau.ro\/fr\/wp-json\/wp\/v2\/comments?post=25585"}],"wp:featuredmedia":[{"embeddable":true,"href":"https:\/\/enipau.ro\/fr\/wp-json\/wp\/v2\/media\/25586"}],"wp:attachment":[{"href":"https:\/\/enipau.ro\/fr\/wp-json\/wp\/v2\/media?parent=25585"}],"wp:term":[{"taxonomy":"product_brand","embeddable":true,"href":"https:\/\/enipau.ro\/fr\/wp-json\/wp\/v2\/product_brand?post=25585"},{"taxonomy":"product_cat","embeddable":true,"href":"https:\/\/enipau.ro\/fr\/wp-json\/wp\/v2\/product_cat?post=25585"},{"taxonomy":"product_tag","embeddable":true,"href":"https:\/\/enipau.ro\/fr\/wp-json\/wp\/v2\/product_tag?post=25585"}],"curies":[{"name":"wp","href":"https:\/\/api.w.org\/{rel}","templated":true}]}}