{"id":25610,"date":"2020-04-26T10:40:30","date_gmt":"2020-04-26T10:40:30","guid":{"rendered":"https:\/\/enipau.ro\/produs\/uncategorized\/plancher-du-pont\/"},"modified":"2020-04-26T10:40:30","modified_gmt":"2020-04-26T10:40:30","slug":"plancher-du-pont","status":"publish","type":"product","link":"https:\/\/enipau.ro\/fr\/produit\/terrasses-et-balcons-en-bois\/plancher-du-pont\/","title":{"rendered":"plancher du pont"},"content":{"rendered":"<p>Nous produisons et commercialisons des parquets en bois massif finis (DECK) dans diff\u00e9rentes dimensions. Il est trait\u00e9 avec des huiles sp\u00e9ciales et pr\u00eat \u00e0 \u00eatre pos\u00e9. Il peut \u00eatre color\u00e9 dans diff\u00e9rentes teintes sur demande. Ce type de parquet DECK est id\u00e9al pour les terrasses et les gloriettes, les sols de piscine et d&#8217;autres applications ext\u00e9rieures.   <\/p>\n<p>La couleur est d\u00e9cid\u00e9e en fonction des besoins de chaque client, le sol est trait\u00e9 thermiquement dans des s\u00e9choirs sp\u00e9ciaux et il est pr\u00eat \u00e0 \u00eatre impr\u00e9gn\u00e9 d&#8217;une huile sp\u00e9ciale appel\u00e9e Tikkurila.<\/p>\n<p>Avantages des rev\u00eatements de sol DECK :<\/p>\n<ul>\n<li>Maintient une temp\u00e9rature constante<\/li>\n<li>L&#8217;hiver isole et garde les pieds au chaud<\/li>\n<li>Il ne chauffe pas en \u00e9t\u00e9 et ne produit donc pas de sensation d\u00e9sagr\u00e9able.<\/li>\n<\/ul>\n","protected":false},"excerpt":{"rendered":"<p>En utilisant des essences de bois r\u00e9sineux, trait\u00e9es pour un usage ext\u00e9rieur, nous voulons que la durabilit\u00e9 soit le principal avantage lorsque vous choisissez un rev\u00eatement de sol r\u00e9sineux. Il se caract\u00e9rise par une longue dur\u00e9e de vie, une r\u00e9sistance aux intemp\u00e9ries, une forte adh\u00e9rence, ne gonfle pas et ne se d\u00e9forme pas, mais a une texture confortable. Il peut \u00eatre fini sur mesure et utilis\u00e9 autour des piscines, des pavillons de jardin ou d&#8217;autres applications ext\u00e9rieures. Le bois est trait\u00e9 antiseptiquement pour d\u00e9truire les parasites et le traitement garantit une consommation de mat\u00e9riau qui assure la protection de la surface.   <\/p>\n","protected":false},"featured_media":25611,"comment_status":"closed","ping_status":"closed","template":"","meta":{"_acf_changed":false},"product_brand":[],"product_cat":[1988,1948,1927],"product_tag":[],"class_list":{"0":"post-25610","1":"product","2":"type-product","3":"status-publish","4":"has-post-thumbnail","6":"product_cat-bois-depicea","7":"product_cat-terrasse-en-bois","8":"product_cat-terrasses-et-balcons-en-bois","10":"first","11":"instock","12":"taxable","13":"shipping-taxable","14":"purchasable","15":"product-type-variable"},"acf":[],"_links":{"self":[{"href":"https:\/\/enipau.ro\/fr\/wp-json\/wp\/v2\/product\/25610","targetHints":{"allow":["GET"]}}],"collection":[{"href":"https:\/\/enipau.ro\/fr\/wp-json\/wp\/v2\/product"}],"about":[{"href":"https:\/\/enipau.ro\/fr\/wp-json\/wp\/v2\/types\/product"}],"replies":[{"embeddable":true,"href":"https:\/\/enipau.ro\/fr\/wp-json\/wp\/v2\/comments?post=25610"}],"wp:featuredmedia":[{"embeddable":true,"href":"https:\/\/enipau.ro\/fr\/wp-json\/wp\/v2\/media\/25611"}],"wp:attachment":[{"href":"https:\/\/enipau.ro\/fr\/wp-json\/wp\/v2\/media?parent=25610"}],"wp:term":[{"taxonomy":"product_brand","embeddable":true,"href":"https:\/\/enipau.ro\/fr\/wp-json\/wp\/v2\/product_brand?post=25610"},{"taxonomy":"product_cat","embeddable":true,"href":"https:\/\/enipau.ro\/fr\/wp-json\/wp\/v2\/product_cat?post=25610"},{"taxonomy":"product_tag","embeddable":true,"href":"https:\/\/enipau.ro\/fr\/wp-json\/wp\/v2\/product_tag?post=25610"}],"curies":[{"name":"wp","href":"https:\/\/api.w.org\/{rel}","templated":true}]}}