{"id":25622,"date":"2020-05-10T17:22:21","date_gmt":"2020-05-10T17:22:21","guid":{"rendered":"https:\/\/enipau.ro\/produs\/uncategorized\/planche-de-chene-seche\/"},"modified":"2020-05-10T17:22:21","modified_gmt":"2020-05-10T17:22:21","slug":"planche-de-chene-seche","status":"publish","type":"product","link":"https:\/\/enipau.ro\/fr\/produit\/chene\/planche-de-chene-seche\/","title":{"rendered":"Planche de ch\u00eane s\u00e9ch\u00e9"},"content":{"rendered":"<p>Le ch\u00eane est un bois dur, gris-brun, dont la couleur varie en fonction de la zone de culture et des temp\u00e9ratures.<br \/>\nIl est principalement utilis\u00e9 pour les petits b\u00e2timents en bois, les meubles, la menuiserie, les portes, les fen\u00eatres, etc.<\/p>\n","protected":false},"excerpt":{"rendered":"<p>Planches de ch\u00eane s\u00e8ches et non vernies de diff\u00e9rentes tailles. Le ch\u00eane est un bois dur de couleur claire qui pr\u00e9sente de bonnes qualit\u00e9s de souplesse malgr\u00e9 sa nature durable. Il s&#8217;impr\u00e8gne facilement, se teinte et se finit bien et r\u00e9siste \u00e0 l&#8217;absorption d&#8217;humidit\u00e9.  <\/p>\n","protected":false},"featured_media":25624,"comment_status":"closed","ping_status":"closed","template":"","meta":{"_acf_changed":false},"product_brand":[],"product_cat":[2156,2007],"product_tag":[],"class_list":{"0":"post-25622","1":"product","2":"type-product","3":"status-publish","4":"has-post-thumbnail","6":"product_cat-bois-sec","7":"product_cat-chene","9":"first","10":"instock","11":"taxable","12":"shipping-taxable","13":"purchasable","14":"product-type-simple"},"acf":[],"_links":{"self":[{"href":"https:\/\/enipau.ro\/fr\/wp-json\/wp\/v2\/product\/25622","targetHints":{"allow":["GET"]}}],"collection":[{"href":"https:\/\/enipau.ro\/fr\/wp-json\/wp\/v2\/product"}],"about":[{"href":"https:\/\/enipau.ro\/fr\/wp-json\/wp\/v2\/types\/product"}],"replies":[{"embeddable":true,"href":"https:\/\/enipau.ro\/fr\/wp-json\/wp\/v2\/comments?post=25622"}],"wp:featuredmedia":[{"embeddable":true,"href":"https:\/\/enipau.ro\/fr\/wp-json\/wp\/v2\/media\/25624"}],"wp:attachment":[{"href":"https:\/\/enipau.ro\/fr\/wp-json\/wp\/v2\/media?parent=25622"}],"wp:term":[{"taxonomy":"product_brand","embeddable":true,"href":"https:\/\/enipau.ro\/fr\/wp-json\/wp\/v2\/product_brand?post=25622"},{"taxonomy":"product_cat","embeddable":true,"href":"https:\/\/enipau.ro\/fr\/wp-json\/wp\/v2\/product_cat?post=25622"},{"taxonomy":"product_tag","embeddable":true,"href":"https:\/\/enipau.ro\/fr\/wp-json\/wp\/v2\/product_tag?post=25622"}],"curies":[{"name":"wp","href":"https:\/\/api.w.org\/{rel}","templated":true}]}}