{"id":25632,"date":"2020-05-10T17:24:20","date_gmt":"2020-05-10T17:24:20","guid":{"rendered":"https:\/\/enipau.ro\/produs\/uncategorized\/chene-seche\/"},"modified":"2020-05-10T17:24:20","modified_gmt":"2020-05-10T17:24:20","slug":"chene-seche","status":"publish","type":"product","link":"https:\/\/enipau.ro\/fr\/produit\/chene\/chene-seche\/","title":{"rendered":"Ch\u00eane s\u00e9ch\u00e9"},"content":{"rendered":"<p>Le ch\u00eane est une excellente mati\u00e8re premi\u00e8re pour la fabrication de meubles, o\u00f9 il est le plus utilis\u00e9, en raison de ses qualit\u00e9s esth\u00e9tiques naturelles et de sa durabilit\u00e9. Il est utilis\u00e9 pour les structures de bateaux, les bureaux et les planchers, les escaliers, les menuiseries ext\u00e9rieures et int\u00e9rieures, les lambris et le bois massif pour les meubles d&#8217;int\u00e9rieur.<\/p>\n","protected":false},"excerpt":{"rendered":"<p>Enipau fabrique et commercialise des armoires en ch\u00eane sec de diff\u00e9rentes tailles. Nous disposons d&#8217;armoires non vitrifi\u00e9es, de cat\u00e9gorie A et de cat\u00e9gorie B. Il peut \u00eatre utilis\u00e9 comme mati\u00e8re premi\u00e8re pour la fabrication de portes, de fen\u00eatres, d&#8217;armoires, de tables, de chaises, etc. Il peut \u00e9galement \u00eatre utilis\u00e9 pour le traitement de divers objets en bois dans les ateliers de menuiserie.  <\/p>\n","protected":false},"featured_media":25635,"comment_status":"closed","ping_status":"closed","template":"","meta":{"_acf_changed":false},"product_brand":[],"product_cat":[2156,2007],"product_tag":[],"class_list":{"0":"post-25632","1":"product","2":"type-product","3":"status-publish","4":"has-post-thumbnail","6":"product_cat-bois-sec","7":"product_cat-chene","9":"first","10":"instock","11":"taxable","12":"shipping-taxable","13":"purchasable","14":"product-type-simple"},"acf":[],"_links":{"self":[{"href":"https:\/\/enipau.ro\/fr\/wp-json\/wp\/v2\/product\/25632","targetHints":{"allow":["GET"]}}],"collection":[{"href":"https:\/\/enipau.ro\/fr\/wp-json\/wp\/v2\/product"}],"about":[{"href":"https:\/\/enipau.ro\/fr\/wp-json\/wp\/v2\/types\/product"}],"replies":[{"embeddable":true,"href":"https:\/\/enipau.ro\/fr\/wp-json\/wp\/v2\/comments?post=25632"}],"wp:featuredmedia":[{"embeddable":true,"href":"https:\/\/enipau.ro\/fr\/wp-json\/wp\/v2\/media\/25635"}],"wp:attachment":[{"href":"https:\/\/enipau.ro\/fr\/wp-json\/wp\/v2\/media?parent=25632"}],"wp:term":[{"taxonomy":"product_brand","embeddable":true,"href":"https:\/\/enipau.ro\/fr\/wp-json\/wp\/v2\/product_brand?post=25632"},{"taxonomy":"product_cat","embeddable":true,"href":"https:\/\/enipau.ro\/fr\/wp-json\/wp\/v2\/product_cat?post=25632"},{"taxonomy":"product_tag","embeddable":true,"href":"https:\/\/enipau.ro\/fr\/wp-json\/wp\/v2\/product_tag?post=25632"}],"curies":[{"name":"wp","href":"https:\/\/api.w.org\/{rel}","templated":true}]}}