{"id":25638,"date":"2020-05-10T17:26:42","date_gmt":"2020-05-10T17:26:42","guid":{"rendered":"https:\/\/enipau.ro\/produs\/uncategorized\/nuc-bois\/"},"modified":"2020-05-10T17:26:42","modified_gmt":"2020-05-10T17:26:42","slug":"nuc-bois","status":"publish","type":"product","link":"https:\/\/enipau.ro\/fr\/produit\/bois-sec\/nuc-bois\/","title":{"rendered":"Nuc Bois"},"content":{"rendered":"<p>Le noyer est un bois dur, bien textur\u00e9, de couleur fonc\u00e9e, dur mais facile \u00e0 travailler. Il r\u00e9siste au retrait et au gauchissement et peut \u00eatre fini quelle que soit sa taille, acceptant de nombreux types de vernis et de peintures. Le noyer est principalement utilis\u00e9 pour la production de meubles massifs et de placages, d&#8217;armoires et d&#8217;autres \u00e9l\u00e9ments d\u00e9coratifs en bois.<\/p>\n","protected":false},"excerpt":{"rendered":"<p>Bois de noyer sec, non tourn\u00e9, de diff\u00e9rentes tailles. Le bois a \u00e9t\u00e9 s\u00e9ch\u00e9 au four et \u00e0 l&#8217;\u00e9tuve. Nous disposons de bois nontivis\u00e9, de cat\u00e9gorie A et de cat\u00e9gorie B. Il est utilis\u00e9 comme mati\u00e8re premi\u00e8re pour la fabrication de portes, de fen\u00eatres, d&#8217;armoires, de tables, de chaises, etc. Il peut \u00e9galement \u00eatre utilis\u00e9 pour le traitement de divers objets en bois dans les ateliers de menuiserie.   <\/p>\n","protected":false},"featured_media":25642,"comment_status":"closed","ping_status":"closed","template":"","meta":{"_acf_changed":false},"product_brand":[],"product_cat":[2156],"product_tag":[],"class_list":{"0":"post-25638","1":"product","2":"type-product","3":"status-publish","4":"has-post-thumbnail","6":"product_cat-bois-sec","8":"first","9":"instock","10":"taxable","11":"shipping-taxable","12":"purchasable","13":"product-type-simple"},"acf":[],"_links":{"self":[{"href":"https:\/\/enipau.ro\/fr\/wp-json\/wp\/v2\/product\/25638","targetHints":{"allow":["GET"]}}],"collection":[{"href":"https:\/\/enipau.ro\/fr\/wp-json\/wp\/v2\/product"}],"about":[{"href":"https:\/\/enipau.ro\/fr\/wp-json\/wp\/v2\/types\/product"}],"replies":[{"embeddable":true,"href":"https:\/\/enipau.ro\/fr\/wp-json\/wp\/v2\/comments?post=25638"}],"wp:featuredmedia":[{"embeddable":true,"href":"https:\/\/enipau.ro\/fr\/wp-json\/wp\/v2\/media\/25642"}],"wp:attachment":[{"href":"https:\/\/enipau.ro\/fr\/wp-json\/wp\/v2\/media?parent=25638"}],"wp:term":[{"taxonomy":"product_brand","embeddable":true,"href":"https:\/\/enipau.ro\/fr\/wp-json\/wp\/v2\/product_brand?post=25638"},{"taxonomy":"product_cat","embeddable":true,"href":"https:\/\/enipau.ro\/fr\/wp-json\/wp\/v2\/product_cat?post=25638"},{"taxonomy":"product_tag","embeddable":true,"href":"https:\/\/enipau.ro\/fr\/wp-json\/wp\/v2\/product_tag?post=25638"}],"curies":[{"name":"wp","href":"https:\/\/api.w.org\/{rel}","templated":true}]}}