{"id":25648,"date":"2020-05-10T17:28:33","date_gmt":"2020-05-10T17:28:33","guid":{"rendered":"https:\/\/enipau.ro\/produs\/uncategorized\/bois-de-cerisier\/"},"modified":"2020-05-10T17:28:33","modified_gmt":"2020-05-10T17:28:33","slug":"bois-de-cerisier","status":"publish","type":"product","link":"https:\/\/enipau.ro\/fr\/produit\/bois-sec\/bois-de-cerisier\/","title":{"rendered":"Bois de cerisier"},"content":{"rendered":"<p>Le bois de cerisier prend une couleur rouge\u00e2tre lorsqu&#8217;il est expos\u00e9 \u00e0 la lumi\u00e8re du soleil. Il vieillit tr\u00e8s bien et est largement utilis\u00e9 pour l&#8217;\u00e9b\u00e9nisterie, les petits objets d&#8217;artisanat, les poign\u00e9es et les pieds de meubles. Le cerisier est un bois flexible qui r\u00e9siste bien \u00e0 la flexion et au gauchissement. Il est utilis\u00e9 comme mati\u00e8re premi\u00e8re pour la fabrication de portes, de fen\u00eatres, d&#8217;armoires, de tables, de chaises, etc. Il peut \u00e9galement \u00eatre utilis\u00e9 pour le traitement de divers objets en bois ou dans des ateliers de menuiserie.<\/p>\n","protected":false},"excerpt":{"rendered":"<p>Bois de cerisier, s\u00e9ch\u00e9, non vitrifi\u00e9, de diff\u00e9rentes tailles. Enipau transforme et commercialise du bois de cerisier s\u00e9ch\u00e9 de diff\u00e9rentes tailles. Le bois \u00e0 partir duquel le bois sci\u00e9 est fabriqu\u00e9 a \u00e9t\u00e9 s\u00e9ch\u00e9 qualitativement. Nous disposons de bois de cat\u00e9gorie A et B.   <\/p>\n","protected":false},"featured_media":25651,"comment_status":"closed","ping_status":"closed","template":"","meta":{"_acf_changed":false},"product_brand":[],"product_cat":[2156],"product_tag":[],"class_list":{"0":"post-25648","1":"product","2":"type-product","3":"status-publish","4":"has-post-thumbnail","6":"product_cat-bois-sec","8":"first","9":"instock","10":"taxable","11":"shipping-taxable","12":"purchasable","13":"product-type-simple"},"acf":[],"_links":{"self":[{"href":"https:\/\/enipau.ro\/fr\/wp-json\/wp\/v2\/product\/25648","targetHints":{"allow":["GET"]}}],"collection":[{"href":"https:\/\/enipau.ro\/fr\/wp-json\/wp\/v2\/product"}],"about":[{"href":"https:\/\/enipau.ro\/fr\/wp-json\/wp\/v2\/types\/product"}],"replies":[{"embeddable":true,"href":"https:\/\/enipau.ro\/fr\/wp-json\/wp\/v2\/comments?post=25648"}],"wp:featuredmedia":[{"embeddable":true,"href":"https:\/\/enipau.ro\/fr\/wp-json\/wp\/v2\/media\/25651"}],"wp:attachment":[{"href":"https:\/\/enipau.ro\/fr\/wp-json\/wp\/v2\/media?parent=25648"}],"wp:term":[{"taxonomy":"product_brand","embeddable":true,"href":"https:\/\/enipau.ro\/fr\/wp-json\/wp\/v2\/product_brand?post=25648"},{"taxonomy":"product_cat","embeddable":true,"href":"https:\/\/enipau.ro\/fr\/wp-json\/wp\/v2\/product_cat?post=25648"},{"taxonomy":"product_tag","embeddable":true,"href":"https:\/\/enipau.ro\/fr\/wp-json\/wp\/v2\/product_tag?post=25648"}],"curies":[{"name":"wp","href":"https:\/\/api.w.org\/{rel}","templated":true}]}}