{"id":25652,"date":"2020-05-11T15:15:13","date_gmt":"2020-05-11T15:15:13","guid":{"rendered":"https:\/\/enipau.ro\/produs\/uncategorized\/couverture-de-poste\/"},"modified":"2020-05-11T15:15:13","modified_gmt":"2020-05-11T15:15:13","slug":"couverture-de-poste","status":"publish","type":"product","link":"https:\/\/enipau.ro\/fr\/produit\/elements-de-cloture-en-bois\/couverture-de-poste\/","title":{"rendered":"Couverture de poste"},"content":{"rendered":"<p>Le bois \u00e0 partir duquel il est fabriqu\u00e9 a \u00e9t\u00e9 s\u00e9ch\u00e9 jusqu&#8217;\u00e0 atteindre une qualit\u00e9 \u00e9lev\u00e9e. Ils peuvent \u00eatre utilis\u00e9s pour les cl\u00f4tures ou les cl\u00f4tures ornementales.<\/p>\n","protected":false},"excerpt":{"rendered":"<p>Nous vous proposons des \u00e9l\u00e9ments de cl\u00f4ture profil\u00e9s de diff\u00e9rentes tailles, pr\u00eats \u00e0 \u00eatre install\u00e9s et peints. Ce type d&#8217;\u00e9l\u00e9ments de cl\u00f4ture est fix\u00e9 \u00e0 l&#8217;\u00e9tan\u00e7on de la cl\u00f4ture et a un sommet arrondi. \u00c0 la demande du client, Enipau peut r\u00e9aliser des profils sur mesure, des finitions suppl\u00e9mentaires, ainsi que traiter ou peindre les \u00e9l\u00e9ments de cl\u00f4ture. Le bois est trait\u00e9 antiseptiquement pour d\u00e9truire les parasites et le traitement garantit une consommation de mat\u00e9riau qui assure la protection de la surface.   <\/p>\n","protected":false},"featured_media":25654,"comment_status":"closed","ping_status":"closed","template":"","meta":{"_acf_changed":false},"product_brand":[],"product_cat":[2105],"product_tag":[],"class_list":{"0":"post-25652","1":"product","2":"type-product","3":"status-publish","4":"has-post-thumbnail","6":"product_cat-elements-de-cloture-en-bois","8":"first","9":"instock","10":"taxable","11":"shipping-taxable","12":"purchasable","13":"product-type-simple"},"acf":[],"_links":{"self":[{"href":"https:\/\/enipau.ro\/fr\/wp-json\/wp\/v2\/product\/25652","targetHints":{"allow":["GET"]}}],"collection":[{"href":"https:\/\/enipau.ro\/fr\/wp-json\/wp\/v2\/product"}],"about":[{"href":"https:\/\/enipau.ro\/fr\/wp-json\/wp\/v2\/types\/product"}],"replies":[{"embeddable":true,"href":"https:\/\/enipau.ro\/fr\/wp-json\/wp\/v2\/comments?post=25652"}],"wp:featuredmedia":[{"embeddable":true,"href":"https:\/\/enipau.ro\/fr\/wp-json\/wp\/v2\/media\/25654"}],"wp:attachment":[{"href":"https:\/\/enipau.ro\/fr\/wp-json\/wp\/v2\/media?parent=25652"}],"wp:term":[{"taxonomy":"product_brand","embeddable":true,"href":"https:\/\/enipau.ro\/fr\/wp-json\/wp\/v2\/product_brand?post=25652"},{"taxonomy":"product_cat","embeddable":true,"href":"https:\/\/enipau.ro\/fr\/wp-json\/wp\/v2\/product_cat?post=25652"},{"taxonomy":"product_tag","embeddable":true,"href":"https:\/\/enipau.ro\/fr\/wp-json\/wp\/v2\/product_tag?post=25652"}],"curies":[{"name":"wp","href":"https:\/\/api.w.org\/{rel}","templated":true}]}}