{"id":25653,"date":"2020-05-11T14:56:22","date_gmt":"2020-05-11T14:56:22","guid":{"rendered":"https:\/\/enipau.ro\/produs\/uncategorized\/element-de-cloture-1\/"},"modified":"2020-05-11T14:56:22","modified_gmt":"2020-05-11T14:56:22","slug":"element-de-cloture-1","status":"publish","type":"product","link":"https:\/\/enipau.ro\/fr\/produit\/elements-de-cloture-en-bois\/element-de-cloture-1\/","title":{"rendered":"\u00c9l\u00e9ment de cl\u00f4ture 1"},"content":{"rendered":"<h2>\u00c9l\u00e9ment de cl\u00f4ture en bois massif pour la construction<\/h2>\n<p>Le bois dont ils sont faits a \u00e9t\u00e9 s\u00e9ch\u00e9 pour obtenir une qualit\u00e9 sup\u00e9rieure. Ils peuvent \u00eatre utilis\u00e9s pour les cl\u00f4tures ou les cl\u00f4tures ornementales. Le bois est trait\u00e9 antiseptiquement pour d\u00e9truire les parasites et le traitement garantit une consommation de mat\u00e9riau qui assure la protection de la surface.<\/p>\n","protected":false},"excerpt":{"rendered":"<p>Nous proposons des \u00e9l\u00e9ments de cl\u00f4ture profil\u00e9s de diff\u00e9rentes tailles, pr\u00eats \u00e0 \u00eatre install\u00e9s et peints. \u00c0 la demande du client, Enipau peut r\u00e9aliser des profil\u00e9s sur mesure, des finitions suppl\u00e9mentaires, ainsi que traiter ou peindre des \u00e9l\u00e9ments de cl\u00f4ture. Le bois est trait\u00e9 antiseptiquement pour d\u00e9truire les parasites et le traitement garantit une consommation de mat\u00e9riau qui assure la protection de la surface.  <\/p>\n","protected":false},"featured_media":25656,"comment_status":"closed","ping_status":"closed","template":"","meta":{"_acf_changed":false},"product_brand":[],"product_cat":[2105],"product_tag":[],"class_list":{"0":"post-25653","1":"product","2":"type-product","3":"status-publish","4":"has-post-thumbnail","6":"product_cat-elements-de-cloture-en-bois","8":"first","9":"instock","10":"taxable","11":"shipping-taxable","12":"purchasable","13":"product-type-variable","14":"has-default-attributes"},"acf":[],"_links":{"self":[{"href":"https:\/\/enipau.ro\/fr\/wp-json\/wp\/v2\/product\/25653","targetHints":{"allow":["GET"]}}],"collection":[{"href":"https:\/\/enipau.ro\/fr\/wp-json\/wp\/v2\/product"}],"about":[{"href":"https:\/\/enipau.ro\/fr\/wp-json\/wp\/v2\/types\/product"}],"replies":[{"embeddable":true,"href":"https:\/\/enipau.ro\/fr\/wp-json\/wp\/v2\/comments?post=25653"}],"wp:featuredmedia":[{"embeddable":true,"href":"https:\/\/enipau.ro\/fr\/wp-json\/wp\/v2\/media\/25656"}],"wp:attachment":[{"href":"https:\/\/enipau.ro\/fr\/wp-json\/wp\/v2\/media?parent=25653"}],"wp:term":[{"taxonomy":"product_brand","embeddable":true,"href":"https:\/\/enipau.ro\/fr\/wp-json\/wp\/v2\/product_brand?post=25653"},{"taxonomy":"product_cat","embeddable":true,"href":"https:\/\/enipau.ro\/fr\/wp-json\/wp\/v2\/product_cat?post=25653"},{"taxonomy":"product_tag","embeddable":true,"href":"https:\/\/enipau.ro\/fr\/wp-json\/wp\/v2\/product_tag?post=25653"}],"curies":[{"name":"wp","href":"https:\/\/api.w.org\/{rel}","templated":true}]}}