{"id":25682,"date":"2020-05-11T15:46:19","date_gmt":"2020-05-11T15:46:19","guid":{"rendered":"https:\/\/enipau.ro\/produs\/uncategorized\/plinthe-7\/"},"modified":"2020-05-11T15:46:19","modified_gmt":"2020-05-11T15:46:19","slug":"plinthe-7","status":"publish","type":"product","link":"https:\/\/enipau.ro\/fr\/produit\/plinthe-en-bois\/plinthe-7\/","title":{"rendered":"Plinthe 7"},"content":{"rendered":"<p>Une tendance de plus en plus r\u00e9pandue consiste \u00e0 utiliser la plinthe comme \u00e9l\u00e9ment d\u00e9coratif en haut des murs, \u00e0 la jonction avec le plafond. Enipau vous propose une large gamme de profils de plinthes pour personnaliser votre int\u00e9rieur comme vous le souhaitez.<\/p>\n","protected":false},"excerpt":{"rendered":"<p>Nous fabriquons et vendons des plinthes en bois profil\u00e9 de diff\u00e9rentes tailles. La plinthe est un \u00e9l\u00e9ment qui est g\u00e9n\u00e9ralement appliqu\u00e9 au bas des murs pour s\u00e9parer le sol du mur. <\/p>\n","protected":false},"featured_media":25684,"comment_status":"closed","ping_status":"closed","template":"","meta":{"_acf_changed":false},"product_brand":[],"product_cat":[2095],"product_tag":[],"class_list":{"0":"post-25682","1":"product","2":"type-product","3":"status-publish","4":"has-post-thumbnail","6":"product_cat-plinthe-en-bois","8":"first","9":"instock","10":"taxable","11":"shipping-taxable","12":"purchasable","13":"product-type-simple"},"acf":[],"_links":{"self":[{"href":"https:\/\/enipau.ro\/fr\/wp-json\/wp\/v2\/product\/25682","targetHints":{"allow":["GET"]}}],"collection":[{"href":"https:\/\/enipau.ro\/fr\/wp-json\/wp\/v2\/product"}],"about":[{"href":"https:\/\/enipau.ro\/fr\/wp-json\/wp\/v2\/types\/product"}],"replies":[{"embeddable":true,"href":"https:\/\/enipau.ro\/fr\/wp-json\/wp\/v2\/comments?post=25682"}],"wp:featuredmedia":[{"embeddable":true,"href":"https:\/\/enipau.ro\/fr\/wp-json\/wp\/v2\/media\/25684"}],"wp:attachment":[{"href":"https:\/\/enipau.ro\/fr\/wp-json\/wp\/v2\/media?parent=25682"}],"wp:term":[{"taxonomy":"product_brand","embeddable":true,"href":"https:\/\/enipau.ro\/fr\/wp-json\/wp\/v2\/product_brand?post=25682"},{"taxonomy":"product_cat","embeddable":true,"href":"https:\/\/enipau.ro\/fr\/wp-json\/wp\/v2\/product_cat?post=25682"},{"taxonomy":"product_tag","embeddable":true,"href":"https:\/\/enipau.ro\/fr\/wp-json\/wp\/v2\/product_tag?post=25682"}],"curies":[{"name":"wp","href":"https:\/\/api.w.org\/{rel}","templated":true}]}}