{"id":25692,"date":"2020-05-11T15:47:26","date_gmt":"2020-05-11T15:47:26","guid":{"rendered":"https:\/\/enipau.ro\/produs\/uncategorized\/plinthe-2\/"},"modified":"2020-05-11T15:47:26","modified_gmt":"2020-05-11T15:47:26","slug":"plinthe-2","status":"publish","type":"product","link":"https:\/\/enipau.ro\/fr\/produit\/plinthe-en-bois\/plinthe-2\/","title":{"rendered":"Plinthe 2"},"content":{"rendered":"<p>Il existe des plinthes qui contiennent des canaux sp\u00e9ciaux pour le passage des c\u00e2bles, de la t\u00e9l\u00e9vision ou de l&#8217;internet, ce qui permet de dissimuler beaucoup plus facilement leur aspect inesth\u00e9tique. Autres avantages : <\/p>\n<p>&#8211; Ils peuvent \u00eatre install\u00e9s \u00e0 n&#8217;importe quel endroit.<br \/>\n&#8211; Il r\u00e9siste tr\u00e8s bien \u00e0 une forte humidit\u00e9.<br \/>\n&#8211; R\u00e9sistance \u00e9lev\u00e9e aux chocs et aux impacts.<br \/>\n&#8211; Il peut \u00eatre nettoy\u00e9 avec n&#8217;importe quelle solution standard<\/p>\n","protected":false},"excerpt":{"rendered":"<p>Nous fabriquons et vendons des plinthes en bois profil\u00e9 de diff\u00e9rentes tailles. La Plinthe est un \u00e9l\u00e9ment qui est g\u00e9n\u00e9ralement appliqu\u00e9 au bas des murs pour s\u00e9parer le sol du mur. Une tendance de plus en plus r\u00e9pandue consiste \u00e0 utiliser la Plinthe comme \u00e9l\u00e9ment d\u00e9coratif en haut des murs, \u00e0 la jonction avec le plafond.  <\/p>\n","protected":false},"featured_media":25694,"comment_status":"closed","ping_status":"closed","template":"","meta":{"_acf_changed":false},"product_brand":[],"product_cat":[2095],"product_tag":[],"class_list":{"0":"post-25692","1":"product","2":"type-product","3":"status-publish","4":"has-post-thumbnail","6":"product_cat-plinthe-en-bois","8":"first","9":"instock","10":"taxable","11":"shipping-taxable","12":"purchasable","13":"product-type-simple"},"acf":[],"_links":{"self":[{"href":"https:\/\/enipau.ro\/fr\/wp-json\/wp\/v2\/product\/25692","targetHints":{"allow":["GET"]}}],"collection":[{"href":"https:\/\/enipau.ro\/fr\/wp-json\/wp\/v2\/product"}],"about":[{"href":"https:\/\/enipau.ro\/fr\/wp-json\/wp\/v2\/types\/product"}],"replies":[{"embeddable":true,"href":"https:\/\/enipau.ro\/fr\/wp-json\/wp\/v2\/comments?post=25692"}],"wp:featuredmedia":[{"embeddable":true,"href":"https:\/\/enipau.ro\/fr\/wp-json\/wp\/v2\/media\/25694"}],"wp:attachment":[{"href":"https:\/\/enipau.ro\/fr\/wp-json\/wp\/v2\/media?parent=25692"}],"wp:term":[{"taxonomy":"product_brand","embeddable":true,"href":"https:\/\/enipau.ro\/fr\/wp-json\/wp\/v2\/product_brand?post=25692"},{"taxonomy":"product_cat","embeddable":true,"href":"https:\/\/enipau.ro\/fr\/wp-json\/wp\/v2\/product_cat?post=25692"},{"taxonomy":"product_tag","embeddable":true,"href":"https:\/\/enipau.ro\/fr\/wp-json\/wp\/v2\/product_tag?post=25692"}],"curies":[{"name":"wp","href":"https:\/\/api.w.org\/{rel}","templated":true}]}}