{"id":25693,"date":"2020-05-14T14:19:42","date_gmt":"2020-05-14T14:19:42","guid":{"rendered":"https:\/\/enipau.ro\/produs\/uncategorized\/elements-de-garde-corps\/"},"modified":"2020-05-14T14:19:42","modified_gmt":"2020-05-14T14:19:42","slug":"elements-de-garde-corps","status":"publish","type":"product","link":"https:\/\/enipau.ro\/fr\/produit\/terrasses-et-balcons-en-bois\/elements-de-garde-corps\/","title":{"rendered":"\u00c9l\u00e9ments de garde-corps"},"content":{"rendered":"<p>Enipau produit et vend des \u00e9l\u00e9ments de balustrade en bois de diff\u00e9rentes tailles. Ces \u00e9l\u00e9ments sont utilis\u00e9s pour combler l&#8217;espace entre les poteaux d&#8217;une balustrade et peuvent \u00eatre utilis\u00e9s pour les balcons et les terrasses. Sur demande, nous proposons des finitions suppl\u00e9mentaires, un traitement ou une peinture dans diff\u00e9rentes couleurs.  <\/p>\n<p>L&#8217;espace id\u00e9al pour les soir\u00e9es de vacances au chalet ou dans votre propre maison : le balcon\/terrasse en bois, rustique, classique et accueillant. La pr\u00e9sence du bois dans toute construction attire par son \u00e9l\u00e9gance et sa vitalit\u00e9, assurant la transition int\u00e9rieur\/ext\u00e9rieur d&#8217;une maison de mani\u00e8re agr\u00e9able.<\/p>\n","protected":false},"excerpt":{"rendered":"<p>Enipau propose des \u00e9l\u00e9ments en bois pour la construction de balustrades, adapt\u00e9es aux balcons, terrasses ou escaliers int\u00e9rieurs\/ext\u00e9rieurs.<\/p>\n","protected":false},"featured_media":25697,"comment_status":"closed","ping_status":"closed","template":"","meta":{"_acf_changed":false},"product_brand":[],"product_cat":[2171,1927],"product_tag":[],"class_list":{"0":"post-25693","1":"product","2":"type-product","3":"status-publish","4":"has-post-thumbnail","6":"product_cat-balcons-en-bois","7":"product_cat-terrasses-et-balcons-en-bois","9":"first","10":"instock","11":"taxable","12":"shipping-taxable","13":"purchasable","14":"product-type-variable"},"acf":[],"_links":{"self":[{"href":"https:\/\/enipau.ro\/fr\/wp-json\/wp\/v2\/product\/25693","targetHints":{"allow":["GET"]}}],"collection":[{"href":"https:\/\/enipau.ro\/fr\/wp-json\/wp\/v2\/product"}],"about":[{"href":"https:\/\/enipau.ro\/fr\/wp-json\/wp\/v2\/types\/product"}],"replies":[{"embeddable":true,"href":"https:\/\/enipau.ro\/fr\/wp-json\/wp\/v2\/comments?post=25693"}],"wp:featuredmedia":[{"embeddable":true,"href":"https:\/\/enipau.ro\/fr\/wp-json\/wp\/v2\/media\/25697"}],"wp:attachment":[{"href":"https:\/\/enipau.ro\/fr\/wp-json\/wp\/v2\/media?parent=25693"}],"wp:term":[{"taxonomy":"product_brand","embeddable":true,"href":"https:\/\/enipau.ro\/fr\/wp-json\/wp\/v2\/product_brand?post=25693"},{"taxonomy":"product_cat","embeddable":true,"href":"https:\/\/enipau.ro\/fr\/wp-json\/wp\/v2\/product_cat?post=25693"},{"taxonomy":"product_tag","embeddable":true,"href":"https:\/\/enipau.ro\/fr\/wp-json\/wp\/v2\/product_tag?post=25693"}],"curies":[{"name":"wp","href":"https:\/\/api.w.org\/{rel}","templated":true}]}}