{"id":25704,"date":"2020-05-11T15:48:43","date_gmt":"2020-05-11T15:48:43","guid":{"rendered":"https:\/\/enipau.ro\/produs\/uncategorized\/plinthe-3\/"},"modified":"2020-05-11T15:48:43","modified_gmt":"2020-05-11T15:48:43","slug":"plinthe-3","status":"publish","type":"product","link":"https:\/\/enipau.ro\/fr\/produit\/plinthe-en-bois\/plinthe-3\/","title":{"rendered":"Plinthe 3"},"content":{"rendered":"<p>D&#8217;un point de vue fonctionnel, la plinthe permet de masquer l&#8217;existence des c\u00e2bles qui traversent la pi\u00e8ce. D&#8217;un point de vue esth\u00e9tique, la plinthe rend agr\u00e9able la transition entre le mur et le sol ou le plafond. Il est conseill\u00e9 d&#8217;utiliser des plinthes en bois \u00e0 c\u00f4t\u00e9 d&#8217;un parquet ou au plafond des cabines en bois.<\/p>\n","protected":false},"excerpt":{"rendered":"<p>Nous fabriquons et vendons des plinthes en bois profil\u00e9 de diff\u00e9rentes tailles. La plinthe est un \u00e9l\u00e9ment qui s&#8217;applique g\u00e9n\u00e9ralement au bas des murs pour d\u00e9limiter le sol, mais aussi aux plafonds pour un design moderne et \u00e9l\u00e9gant. Enipau vous propose une large gamme de plinthes profil\u00e9es pour personnaliser votre int\u00e9rieur comme vous le souhaitez.  <\/p>\n","protected":false},"featured_media":25706,"comment_status":"closed","ping_status":"closed","template":"","meta":{"_acf_changed":false},"product_brand":[],"product_cat":[2095],"product_tag":[],"class_list":{"0":"post-25704","1":"product","2":"type-product","3":"status-publish","4":"has-post-thumbnail","6":"product_cat-plinthe-en-bois","8":"first","9":"instock","10":"taxable","11":"shipping-taxable","12":"purchasable","13":"product-type-simple"},"acf":[],"_links":{"self":[{"href":"https:\/\/enipau.ro\/fr\/wp-json\/wp\/v2\/product\/25704","targetHints":{"allow":["GET"]}}],"collection":[{"href":"https:\/\/enipau.ro\/fr\/wp-json\/wp\/v2\/product"}],"about":[{"href":"https:\/\/enipau.ro\/fr\/wp-json\/wp\/v2\/types\/product"}],"replies":[{"embeddable":true,"href":"https:\/\/enipau.ro\/fr\/wp-json\/wp\/v2\/comments?post=25704"}],"wp:featuredmedia":[{"embeddable":true,"href":"https:\/\/enipau.ro\/fr\/wp-json\/wp\/v2\/media\/25706"}],"wp:attachment":[{"href":"https:\/\/enipau.ro\/fr\/wp-json\/wp\/v2\/media?parent=25704"}],"wp:term":[{"taxonomy":"product_brand","embeddable":true,"href":"https:\/\/enipau.ro\/fr\/wp-json\/wp\/v2\/product_brand?post=25704"},{"taxonomy":"product_cat","embeddable":true,"href":"https:\/\/enipau.ro\/fr\/wp-json\/wp\/v2\/product_cat?post=25704"},{"taxonomy":"product_tag","embeddable":true,"href":"https:\/\/enipau.ro\/fr\/wp-json\/wp\/v2\/product_tag?post=25704"}],"curies":[{"name":"wp","href":"https:\/\/api.w.org\/{rel}","templated":true}]}}