{"id":25709,"date":"2020-05-14T14:25:50","date_gmt":"2020-05-14T14:25:50","guid":{"rendered":"https:\/\/enipau.ro\/produs\/uncategorized\/ignifugation\/"},"modified":"2020-05-14T14:25:50","modified_gmt":"2020-05-14T14:25:50","slug":"ignifugation","status":"publish","type":"product","link":"https:\/\/enipau.ro\/fr\/produit\/laques-et-traitements\/ignifugation\/","title":{"rendered":"Ignifugation"},"content":{"rendered":"<ul>\n<li>La d\u00e9fense du bois contre l&#8217;action du feu est obtenue en le traitant avec des substances appel\u00e9es retardateurs de flamme, qui ont pour but d&#8217;augmenter la r\u00e9sistance des mat\u00e9riaux en bois \u00e0 la combustion. De par leur nature organique, ces mat\u00e9riaux ligneux appartiennent \u00e0 la cat\u00e9gorie des substances combustibles et ne perdent pas totalement cette propri\u00e9t\u00e9 par l&#8217;ignifugation. Le traitement du bois avec des retardateurs de flamme permet de retarder l&#8217;inflammation et, apr\u00e8s l&#8217;inflammation, de ralentir le processus de combustion et de l&#8217;\u00e9teindre rapidement.  <\/li>\n<li>L&#8217;effet de retardement du processus de combustion est limit\u00e9 et se traduit dans la pratique par une prolongation du temps n\u00e9cessaire au d\u00e9marrage de l&#8217;incendie, ce qui permet de prendre des mesures d&#8217;extinction.<\/li>\n<\/ul>\n<p>Non toxique. N&#8217;affecte pas la biod\u00e9gradabilit\u00e9. Inodore et incolore. Ne contient pas d&#8217;hydrocarbures halog\u00e8nes. Il ne modifie pas de mani\u00e8re significative la structure du mat\u00e9riau trait\u00e9.<br \/>\nIl est recommand\u00e9 d&#8217;utiliser des gants en caoutchouc et des lunettes de protection lors des traitements par pulv\u00e9risation.<br \/>\nEn cas de contact avec la substance, lavez la zone concern\u00e9e avec beaucoup d&#8217;eau.<\/p>\n","protected":false},"excerpt":{"rendered":"<p>Ignifugation du bois. Magma Firestop Sbp 10.<br \/>\nAvis des pompiers 45815 Cnsipc <\/p>\n<p>Vue d&#8217;ensemble<\/p>\n<p>Magma Firestop SBP 10 est un retardateur de flamme granulaire sp\u00e9cialement con\u00e7u pour le traitement du bois.<br \/>\nIl est dissous dans l&#8217;eau pour produire la substance de travail \u00e0 une concentration de 10-12% de son volume.<br \/>\nLes mat\u00e9riaux peuvent \u00eatre trait\u00e9s par les proc\u00e9d\u00e9s suivants : pulv\u00e9risation, trempage, brossage.<\/p>\n","protected":false},"featured_media":25711,"comment_status":"closed","ping_status":"closed","template":"","meta":{"_acf_changed":false},"product_brand":[],"product_cat":[2172],"product_tag":[],"class_list":{"0":"post-25709","1":"product","2":"type-product","3":"status-publish","4":"has-post-thumbnail","6":"product_cat-laques-et-traitements","8":"first","9":"instock","10":"taxable","11":"shipping-taxable","12":"purchasable","13":"product-type-simple"},"acf":[],"_links":{"self":[{"href":"https:\/\/enipau.ro\/fr\/wp-json\/wp\/v2\/product\/25709","targetHints":{"allow":["GET"]}}],"collection":[{"href":"https:\/\/enipau.ro\/fr\/wp-json\/wp\/v2\/product"}],"about":[{"href":"https:\/\/enipau.ro\/fr\/wp-json\/wp\/v2\/types\/product"}],"replies":[{"embeddable":true,"href":"https:\/\/enipau.ro\/fr\/wp-json\/wp\/v2\/comments?post=25709"}],"wp:featuredmedia":[{"embeddable":true,"href":"https:\/\/enipau.ro\/fr\/wp-json\/wp\/v2\/media\/25711"}],"wp:attachment":[{"href":"https:\/\/enipau.ro\/fr\/wp-json\/wp\/v2\/media?parent=25709"}],"wp:term":[{"taxonomy":"product_brand","embeddable":true,"href":"https:\/\/enipau.ro\/fr\/wp-json\/wp\/v2\/product_brand?post=25709"},{"taxonomy":"product_cat","embeddable":true,"href":"https:\/\/enipau.ro\/fr\/wp-json\/wp\/v2\/product_cat?post=25709"},{"taxonomy":"product_tag","embeddable":true,"href":"https:\/\/enipau.ro\/fr\/wp-json\/wp\/v2\/product_tag?post=25709"}],"curies":[{"name":"wp","href":"https:\/\/api.w.org\/{rel}","templated":true}]}}