{"id":25710,"date":"2020-05-11T15:49:48","date_gmt":"2020-05-11T15:49:48","guid":{"rendered":"https:\/\/enipau.ro\/produs\/uncategorized\/plinthe-4\/"},"modified":"2020-05-11T15:49:48","modified_gmt":"2020-05-11T15:49:48","slug":"plinthe-4","status":"publish","type":"product","link":"https:\/\/enipau.ro\/fr\/produit\/plinthe-en-bois\/plinthe-4\/","title":{"rendered":"Plinthe 4"},"content":{"rendered":"<p>Il est conseill\u00e9 d&#8217;utiliser des plinthes en bois lorsqu&#8217;elles sont plac\u00e9es \u00e0 c\u00f4t\u00e9 d&#8217;un parquet ou au plafond d&#8217;une cabine en bois. Il existe des plinthes qui contiennent des canaux sp\u00e9ciaux pour faire passer les fils du c\u00e2ble, de la t\u00e9l\u00e9vision ou de l&#8217;internet, ce qui permet de dissimuler beaucoup plus facilement leur aspect inesth\u00e9tique. Autres avantages :  <\/p>\n<p>&#8211; Ils peuvent \u00eatre install\u00e9s \u00e0 n&#8217;importe quel endroit.<br \/>\n&#8211; Il r\u00e9siste tr\u00e8s bien \u00e0 une forte humidit\u00e9.<br \/>\n&#8211; R\u00e9sistance \u00e9lev\u00e9e aux chocs et aux impacts.<br \/>\n&#8211; Il peut \u00eatre nettoy\u00e9 avec n&#8217;importe quelle solution standard<\/p>\n","protected":false},"excerpt":{"rendered":"<p>Nous fabriquons et vendons des plinthes en bois profil\u00e9 de diff\u00e9rentes tailles. La plinthe est un \u00e9l\u00e9ment qui est g\u00e9n\u00e9ralement appliqu\u00e9 au bas des murs pour s\u00e9parer le sol du mur. <\/p>\n","protected":false},"featured_media":25712,"comment_status":"closed","ping_status":"closed","template":"","meta":{"_acf_changed":false},"product_brand":[],"product_cat":[2095],"product_tag":[],"class_list":{"0":"post-25710","1":"product","2":"type-product","3":"status-publish","4":"has-post-thumbnail","6":"product_cat-plinthe-en-bois","8":"first","9":"instock","10":"taxable","11":"shipping-taxable","12":"purchasable","13":"product-type-simple"},"acf":[],"_links":{"self":[{"href":"https:\/\/enipau.ro\/fr\/wp-json\/wp\/v2\/product\/25710","targetHints":{"allow":["GET"]}}],"collection":[{"href":"https:\/\/enipau.ro\/fr\/wp-json\/wp\/v2\/product"}],"about":[{"href":"https:\/\/enipau.ro\/fr\/wp-json\/wp\/v2\/types\/product"}],"replies":[{"embeddable":true,"href":"https:\/\/enipau.ro\/fr\/wp-json\/wp\/v2\/comments?post=25710"}],"wp:featuredmedia":[{"embeddable":true,"href":"https:\/\/enipau.ro\/fr\/wp-json\/wp\/v2\/media\/25712"}],"wp:attachment":[{"href":"https:\/\/enipau.ro\/fr\/wp-json\/wp\/v2\/media?parent=25710"}],"wp:term":[{"taxonomy":"product_brand","embeddable":true,"href":"https:\/\/enipau.ro\/fr\/wp-json\/wp\/v2\/product_brand?post=25710"},{"taxonomy":"product_cat","embeddable":true,"href":"https:\/\/enipau.ro\/fr\/wp-json\/wp\/v2\/product_cat?post=25710"},{"taxonomy":"product_tag","embeddable":true,"href":"https:\/\/enipau.ro\/fr\/wp-json\/wp\/v2\/product_tag?post=25710"}],"curies":[{"name":"wp","href":"https:\/\/api.w.org\/{rel}","templated":true}]}}