{"id":25715,"date":"2020-05-14T14:27:41","date_gmt":"2020-05-14T14:27:41","guid":{"rendered":"https:\/\/enipau.ro\/produs\/uncategorized\/huile-tikkurila\/"},"modified":"2020-05-14T14:27:41","modified_gmt":"2020-05-14T14:27:41","slug":"huile-tikkurila","status":"publish","type":"product","link":"https:\/\/enipau.ro\/fr\/produit\/laques-et-traitements\/huile-tikkurila\/","title":{"rendered":"Huile Tikkurila"},"content":{"rendered":"<p>Prot\u00e8ge le bois de l&#8217;humidit\u00e9 et de la salet\u00e9 et r\u00e9duit les surfaces fissur\u00e9es (fentes). Il peut \u00eatre appliqu\u00e9 sur les extr\u00e9mit\u00e9s du bois en l&#8217;\u00e9talant sur la surface de travail, \u00e9galement pour les bois durs impr\u00e9gn\u00e9s apr\u00e8s des traitements thermiques du bois brut.<\/p>\n","protected":false},"excerpt":{"rendered":"<p>Appliquer sur les meubles de jardin, les terrasses en bois, les escaliers, les cl\u00f4tures, les rampes, les piliers et les ponts. Cette huile est \u00e0 base de solvant pour tous les types de bois, la surface s\u00e8che en quelques heures et s&#8217;applique sur du bois sec.   <\/p>\n","protected":false},"featured_media":25716,"comment_status":"closed","ping_status":"closed","template":"","meta":{"_acf_changed":false},"product_brand":[],"product_cat":[2172],"product_tag":[],"class_list":{"0":"post-25715","1":"product","2":"type-product","3":"status-publish","4":"has-post-thumbnail","6":"product_cat-laques-et-traitements","8":"first","9":"instock","10":"taxable","11":"shipping-taxable","12":"purchasable","13":"product-type-simple"},"acf":[],"_links":{"self":[{"href":"https:\/\/enipau.ro\/fr\/wp-json\/wp\/v2\/product\/25715","targetHints":{"allow":["GET"]}}],"collection":[{"href":"https:\/\/enipau.ro\/fr\/wp-json\/wp\/v2\/product"}],"about":[{"href":"https:\/\/enipau.ro\/fr\/wp-json\/wp\/v2\/types\/product"}],"replies":[{"embeddable":true,"href":"https:\/\/enipau.ro\/fr\/wp-json\/wp\/v2\/comments?post=25715"}],"wp:featuredmedia":[{"embeddable":true,"href":"https:\/\/enipau.ro\/fr\/wp-json\/wp\/v2\/media\/25716"}],"wp:attachment":[{"href":"https:\/\/enipau.ro\/fr\/wp-json\/wp\/v2\/media?parent=25715"}],"wp:term":[{"taxonomy":"product_brand","embeddable":true,"href":"https:\/\/enipau.ro\/fr\/wp-json\/wp\/v2\/product_brand?post=25715"},{"taxonomy":"product_cat","embeddable":true,"href":"https:\/\/enipau.ro\/fr\/wp-json\/wp\/v2\/product_cat?post=25715"},{"taxonomy":"product_tag","embeddable":true,"href":"https:\/\/enipau.ro\/fr\/wp-json\/wp\/v2\/product_tag?post=25715"}],"curies":[{"name":"wp","href":"https:\/\/api.w.org\/{rel}","templated":true}]}}