{"id":25717,"date":"2020-05-11T16:00:38","date_gmt":"2020-05-11T16:00:38","guid":{"rendered":"https:\/\/enipau.ro\/produs\/uncategorized\/poteau-de-garde-corps\/"},"modified":"2020-05-11T16:00:38","modified_gmt":"2020-05-11T16:00:38","slug":"poteau-de-garde-corps","status":"publish","type":"product","link":"https:\/\/enipau.ro\/fr\/produit\/terrasses-et-balcons-en-bois\/poteau-de-garde-corps\/","title":{"rendered":"Poteau de garde-corps"},"content":{"rendered":"<p>Enipau produit et commercialise des poteaux d\u00e9coratifs avec diff\u00e9rents profils et de diff\u00e9rentes tailles. \u00c0 la demande du client, nous produisons des profils personnalis\u00e9s, traitons et peignons les poteaux. Ils sont principalement utilis\u00e9s pour monter des balustrades sur les balcons et les terrasses.<\/p>\n","protected":false},"excerpt":{"rendered":"<p>Dans le design moderne, le bois apporte de la valeur \u00e0 une maison o\u00f9 pr\u00e9dominent les lignes et les formes aux volumes diff\u00e9rents. Optez pour la balustrade en bois Enipau, de notre propre conception. <\/p>\n","protected":false},"featured_media":25719,"comment_status":"closed","ping_status":"closed","template":"","meta":{"_acf_changed":false},"product_brand":[],"product_cat":[2171,1927],"product_tag":[],"class_list":{"0":"post-25717","1":"product","2":"type-product","3":"status-publish","4":"has-post-thumbnail","6":"product_cat-balcons-en-bois","7":"product_cat-terrasses-et-balcons-en-bois","9":"first","10":"instock","11":"taxable","12":"shipping-taxable","13":"purchasable","14":"product-type-variable"},"acf":[],"_links":{"self":[{"href":"https:\/\/enipau.ro\/fr\/wp-json\/wp\/v2\/product\/25717","targetHints":{"allow":["GET"]}}],"collection":[{"href":"https:\/\/enipau.ro\/fr\/wp-json\/wp\/v2\/product"}],"about":[{"href":"https:\/\/enipau.ro\/fr\/wp-json\/wp\/v2\/types\/product"}],"replies":[{"embeddable":true,"href":"https:\/\/enipau.ro\/fr\/wp-json\/wp\/v2\/comments?post=25717"}],"wp:featuredmedia":[{"embeddable":true,"href":"https:\/\/enipau.ro\/fr\/wp-json\/wp\/v2\/media\/25719"}],"wp:attachment":[{"href":"https:\/\/enipau.ro\/fr\/wp-json\/wp\/v2\/media?parent=25717"}],"wp:term":[{"taxonomy":"product_brand","embeddable":true,"href":"https:\/\/enipau.ro\/fr\/wp-json\/wp\/v2\/product_brand?post=25717"},{"taxonomy":"product_cat","embeddable":true,"href":"https:\/\/enipau.ro\/fr\/wp-json\/wp\/v2\/product_cat?post=25717"},{"taxonomy":"product_tag","embeddable":true,"href":"https:\/\/enipau.ro\/fr\/wp-json\/wp\/v2\/product_tag?post=25717"}],"curies":[{"name":"wp","href":"https:\/\/api.w.org\/{rel}","templated":true}]}}