{"id":25718,"date":"2020-05-14T14:28:20","date_gmt":"2020-05-14T14:28:20","guid":{"rendered":"https:\/\/enipau.ro\/produs\/uncategorized\/millesi-cire-a-polir\/"},"modified":"2020-05-14T14:28:20","modified_gmt":"2020-05-14T14:28:20","slug":"millesi-cire-a-polir","status":"publish","type":"product","link":"https:\/\/enipau.ro\/fr\/produit\/laques-et-traitements\/millesi-cire-a-polir\/","title":{"rendered":"Millesi cire \u00e0 polir"},"content":{"rendered":"<p>XGT 43\/M est un lazurage \u00e9pais qui s&#8217;applique au pinceau sur les surfaces en bois. Il poss\u00e8de des propri\u00e9t\u00e9s similaires \u00e0 celles du XGC 073, en ce sens que l&#8217;application de trois couches de vernis 43\/M donne le m\u00eame effet que l&#8217;application d&#8217;une seule couche de XGC 073.<\/p>\n","protected":false},"excerpt":{"rendered":"<p>Les cires de surface Millesi sont des produits de polissage pour les surfaces, \u00e0 appliquer avant la finition. Elles contiennent des r\u00e9sines qui prot\u00e8gent le bois contre les facteurs externes et les rayons UV. Elles sont facilement absorb\u00e9es par le bois et forment une fine pellicule qui imperm\u00e9abilise le bois.<br \/>\n<strong><a style=\"font-size: 20px; margin: 10px 0; display: block;\" href=\"https:\/\/enipau.ro\/app\/uploads\/2024\/11\/Enipau-Catalog-Culori.pdf\" target=\"\u201d_blank\u201d\" rel=\"noopener\">Voir le catalogue des couleurs<\/a><\/strong><\/p>\n","protected":false},"featured_media":25724,"comment_status":"closed","ping_status":"closed","template":"","meta":{"_acf_changed":false},"product_brand":[],"product_cat":[2172],"product_tag":[],"class_list":{"0":"post-25718","1":"product","2":"type-product","3":"status-publish","4":"has-post-thumbnail","6":"product_cat-laques-et-traitements","8":"first","9":"instock","10":"taxable","11":"shipping-taxable","12":"purchasable","13":"product-type-variable"},"acf":[],"_links":{"self":[{"href":"https:\/\/enipau.ro\/fr\/wp-json\/wp\/v2\/product\/25718","targetHints":{"allow":["GET"]}}],"collection":[{"href":"https:\/\/enipau.ro\/fr\/wp-json\/wp\/v2\/product"}],"about":[{"href":"https:\/\/enipau.ro\/fr\/wp-json\/wp\/v2\/types\/product"}],"replies":[{"embeddable":true,"href":"https:\/\/enipau.ro\/fr\/wp-json\/wp\/v2\/comments?post=25718"}],"wp:featuredmedia":[{"embeddable":true,"href":"https:\/\/enipau.ro\/fr\/wp-json\/wp\/v2\/media\/25724"}],"wp:attachment":[{"href":"https:\/\/enipau.ro\/fr\/wp-json\/wp\/v2\/media?parent=25718"}],"wp:term":[{"taxonomy":"product_brand","embeddable":true,"href":"https:\/\/enipau.ro\/fr\/wp-json\/wp\/v2\/product_brand?post=25718"},{"taxonomy":"product_cat","embeddable":true,"href":"https:\/\/enipau.ro\/fr\/wp-json\/wp\/v2\/product_cat?post=25718"},{"taxonomy":"product_tag","embeddable":true,"href":"https:\/\/enipau.ro\/fr\/wp-json\/wp\/v2\/product_tag?post=25718"}],"curies":[{"name":"wp","href":"https:\/\/api.w.org\/{rel}","templated":true}]}}