{"id":25793,"date":"2020-05-14T14:31:32","date_gmt":"2020-05-14T14:31:32","guid":{"rendered":"https:\/\/enipau.ro\/produs\/uncategorized\/vis-a-bois-rothoblaas\/"},"modified":"2020-05-14T14:31:32","modified_gmt":"2020-05-14T14:31:32","slug":"vis-a-bois-rothoblaas","status":"publish","type":"product","link":"https:\/\/enipau.ro\/fr\/produit\/connecteurs-en-bois-quincaillerie\/vis-a-bois-rothoblaas\/","title":{"rendered":"Vis \u00e0 bois Rothoblaas"},"content":{"rendered":"<p>La fraise \u00e9quip\u00e9e de la vis Rothoblaas \u00e9largit les fibres du bois et \u00e9limine la sciure g\u00e9n\u00e9r\u00e9e par la vis, ce qui permet \u00e0 la vis d&#8217;avancer et de r\u00e9duire la surchauffe du bois. Elle est utilis\u00e9e dans les assemblages de bois massif, de bois trait\u00e9 et de panneaux \u00e0 base de bois. Le mat\u00e9riau des vis Rothoblaas leur permet d&#8217;\u00eatre utilis\u00e9es dans la construction int\u00e9rieure et ext\u00e9rieure.  <\/p>\n<p>Chaque d\u00e9tail de la g\u00e9om\u00e9trie de la vis est analys\u00e9 et d\u00e9velopp\u00e9 pour augmenter les performances en termes de r\u00e9sistance et de facilit\u00e9 d&#8217;utilisation.<\/p>\n","protected":false},"excerpt":{"rendered":"<p>Enipau propose des vis \u00e0 bois Rothoblaas. Elles sont munies d&#8217;une pointe autoforeuse, d&#8217;une fente, d&#8217;un filet, d&#8217;une fraise, d&#8217;une tige, d&#8217;une tige et d&#8217;une t\u00eate. Ces d\u00e9tails techniques garantissent une prise en main rapide et performante et assurent la coupure des fibres lors du vissage, r\u00e9duisant ainsi le risque d&#8217;\u00e9clatement du bois.  <\/p>\n<p>Enipau est \u00e9galement devenu un partenaire de Rothoblaas. Nous sommes donc \u00e0 votre disposition pour vous fournir des informations techniques et des fixations de tous types.<\/p>\n<p><a class=\"btn btn-link\" href=\"https:\/\/enipau.ro\/app\/uploads\/2021\/02\/suruburi-si-conectori-pentru-lemn-ro-1.pdf\" target=\"_blank\" rel=\"noopener noreferrer\">Voir le catalogue<\/a><\/p>\n","protected":false},"featured_media":25796,"comment_status":"closed","ping_status":"closed","template":"","meta":{"_acf_changed":false},"product_brand":[],"product_cat":[2052],"product_tag":[],"class_list":{"0":"post-25793","1":"product","2":"type-product","3":"status-publish","4":"has-post-thumbnail","6":"product_cat-connecteurs-en-bois-quincaillerie","8":"first","9":"instock","10":"taxable","11":"shipping-taxable","12":"purchasable","13":"product-type-variable"},"acf":[],"_links":{"self":[{"href":"https:\/\/enipau.ro\/fr\/wp-json\/wp\/v2\/product\/25793","targetHints":{"allow":["GET"]}}],"collection":[{"href":"https:\/\/enipau.ro\/fr\/wp-json\/wp\/v2\/product"}],"about":[{"href":"https:\/\/enipau.ro\/fr\/wp-json\/wp\/v2\/types\/product"}],"replies":[{"embeddable":true,"href":"https:\/\/enipau.ro\/fr\/wp-json\/wp\/v2\/comments?post=25793"}],"wp:featuredmedia":[{"embeddable":true,"href":"https:\/\/enipau.ro\/fr\/wp-json\/wp\/v2\/media\/25796"}],"wp:attachment":[{"href":"https:\/\/enipau.ro\/fr\/wp-json\/wp\/v2\/media?parent=25793"}],"wp:term":[{"taxonomy":"product_brand","embeddable":true,"href":"https:\/\/enipau.ro\/fr\/wp-json\/wp\/v2\/product_brand?post=25793"},{"taxonomy":"product_cat","embeddable":true,"href":"https:\/\/enipau.ro\/fr\/wp-json\/wp\/v2\/product_cat?post=25793"},{"taxonomy":"product_tag","embeddable":true,"href":"https:\/\/enipau.ro\/fr\/wp-json\/wp\/v2\/product_tag?post=25793"}],"curies":[{"name":"wp","href":"https:\/\/api.w.org\/{rel}","templated":true}]}}