{"id":25794,"date":"2020-05-14T14:56:21","date_gmt":"2020-05-14T14:56:21","guid":{"rendered":"https:\/\/enipau.ro\/produs\/uncategorized\/materiel\/"},"modified":"2020-05-14T14:56:21","modified_gmt":"2020-05-14T14:56:21","slug":"materiel","status":"publish","type":"product","link":"https:\/\/enipau.ro\/fr\/produit\/connecteurs-en-bois-quincaillerie\/materiel\/","title":{"rendered":"Mat\u00e9riel"},"content":{"rendered":"<p>Enipau propose une large gamme de quincaillerie telle que des charni\u00e8res et des serrures. Celles-ci permettent de r\u00e9aliser des syst\u00e8mes de fixation et de fermeture pour des \u00e9l\u00e9ments en bois tels que : portes, fen\u00eatres, armoires, etc.<\/p>\n","protected":false},"excerpt":{"rendered":"<p>Les \u00e9l\u00e9ments de quincaillerie garantissent le soutien, l&#8217;\u00e9tanch\u00e9it\u00e9 et la mobilit\u00e9 des structures en bois et plus encore. Nous vous proposons un assortiment complet de vis, clous, chevilles ou quincaillerie pour portes, fen\u00eatres et meubles et autres \u00e9l\u00e9ments de fixation dans le domaine. <\/p>\n<p><a class=\"btn btn-link\" href=\"https:\/\/enipau.ro\/app\/uploads\/2020\/05\/feronerie-734.pdf\" target=\"_blank\" rel=\"noopener noreferrer\">Voir le catalogue<\/a><\/p>\n","protected":false},"featured_media":25795,"comment_status":"closed","ping_status":"closed","template":"","meta":{"_acf_changed":false},"product_brand":[],"product_cat":[2052],"product_tag":[],"class_list":{"0":"post-25794","1":"product","2":"type-product","3":"status-publish","4":"has-post-thumbnail","6":"product_cat-connecteurs-en-bois-quincaillerie","8":"first","9":"instock","10":"taxable","11":"shipping-taxable","12":"purchasable","13":"product-type-simple"},"acf":[],"_links":{"self":[{"href":"https:\/\/enipau.ro\/fr\/wp-json\/wp\/v2\/product\/25794","targetHints":{"allow":["GET"]}}],"collection":[{"href":"https:\/\/enipau.ro\/fr\/wp-json\/wp\/v2\/product"}],"about":[{"href":"https:\/\/enipau.ro\/fr\/wp-json\/wp\/v2\/types\/product"}],"replies":[{"embeddable":true,"href":"https:\/\/enipau.ro\/fr\/wp-json\/wp\/v2\/comments?post=25794"}],"wp:featuredmedia":[{"embeddable":true,"href":"https:\/\/enipau.ro\/fr\/wp-json\/wp\/v2\/media\/25795"}],"wp:attachment":[{"href":"https:\/\/enipau.ro\/fr\/wp-json\/wp\/v2\/media?parent=25794"}],"wp:term":[{"taxonomy":"product_brand","embeddable":true,"href":"https:\/\/enipau.ro\/fr\/wp-json\/wp\/v2\/product_brand?post=25794"},{"taxonomy":"product_cat","embeddable":true,"href":"https:\/\/enipau.ro\/fr\/wp-json\/wp\/v2\/product_cat?post=25794"},{"taxonomy":"product_tag","embeddable":true,"href":"https:\/\/enipau.ro\/fr\/wp-json\/wp\/v2\/product_tag?post=25794"}],"curies":[{"name":"wp","href":"https:\/\/api.w.org\/{rel}","templated":true}]}}