{"id":25801,"date":"2020-05-14T15:05:06","date_gmt":"2020-05-14T15:05:06","guid":{"rendered":"https:\/\/enipau.ro\/produs\/uncategorized\/element-de-facade-semi-ronde\/"},"modified":"2020-05-14T15:05:06","modified_gmt":"2020-05-14T15:05:06","slug":"element-de-facade-semi-ronde","status":"publish","type":"product","link":"https:\/\/enipau.ro\/fr\/produit\/lambris-exterieur\/element-de-facade-semi-ronde\/","title":{"rendered":"\u00c9l\u00e9ment de fa\u00e7ade semi-ronde"},"content":{"rendered":"<p>Il peut \u00eatre color\u00e9 selon vos pr\u00e9f\u00e9rences, peut \u00eatre utilis\u00e9 horizontalement ou verticalement et \u00e0 diff\u00e9rents intervalles, mais il pr\u00e9sente \u00e9galement des avantages pratiques tels qu&#8217;un confort thermique et une durabilit\u00e9 accrus.<\/p>\n<p>Quelques avantages du bardage en bois :<\/p>\n<ul>\n<li>Efficacit\u00e9 \u00e9nerg\u00e9tique<\/li>\n<li>Installation rapide<\/li>\n<li>Produit naturel et biologique<\/li>\n<li>Mat\u00e9riau durable<\/li>\n<li>Prix raisonnable<\/li>\n<li>Design \u00e9l\u00e9gant et moderne<\/li>\n<\/ul>\n","protected":false},"excerpt":{"rendered":"<p>Enipau vous propose des \u00e9l\u00e9ments de fa\u00e7ade demi-ronds de diff\u00e9rentes tailles. Le prix indiqu\u00e9 comprend le proc\u00e9d\u00e9 d&#8217;impr\u00e9gnation \u00e0 la cire Millesi. Les teintes souhait\u00e9es peuvent \u00eatre choisies \u00e0 l&#8217;aide d&#8217;une palette de couleurs. Le bois est trait\u00e9 antiseptiquement pour d\u00e9truire les parasites et le traitement garantit une consommation de mat\u00e9riau qui assure la protection de la surface.   <\/p>\n","protected":false},"featured_media":25805,"comment_status":"closed","ping_status":"closed","template":"","meta":{"_acf_changed":false},"product_brand":[],"product_cat":[1952,1923],"product_tag":[],"class_list":{"0":"post-25801","1":"product","2":"type-product","3":"status-publish","4":"has-post-thumbnail","6":"product_cat-elements-de-facade-facades-en-bois","7":"product_cat-lambris-exterieur","9":"first","10":"instock","11":"taxable","12":"shipping-taxable","13":"purchasable","14":"product-type-variable","15":"has-default-attributes"},"acf":[],"_links":{"self":[{"href":"https:\/\/enipau.ro\/fr\/wp-json\/wp\/v2\/product\/25801","targetHints":{"allow":["GET"]}}],"collection":[{"href":"https:\/\/enipau.ro\/fr\/wp-json\/wp\/v2\/product"}],"about":[{"href":"https:\/\/enipau.ro\/fr\/wp-json\/wp\/v2\/types\/product"}],"replies":[{"embeddable":true,"href":"https:\/\/enipau.ro\/fr\/wp-json\/wp\/v2\/comments?post=25801"}],"wp:featuredmedia":[{"embeddable":true,"href":"https:\/\/enipau.ro\/fr\/wp-json\/wp\/v2\/media\/25805"}],"wp:attachment":[{"href":"https:\/\/enipau.ro\/fr\/wp-json\/wp\/v2\/media?parent=25801"}],"wp:term":[{"taxonomy":"product_brand","embeddable":true,"href":"https:\/\/enipau.ro\/fr\/wp-json\/wp\/v2\/product_brand?post=25801"},{"taxonomy":"product_cat","embeddable":true,"href":"https:\/\/enipau.ro\/fr\/wp-json\/wp\/v2\/product_cat?post=25801"},{"taxonomy":"product_tag","embeddable":true,"href":"https:\/\/enipau.ro\/fr\/wp-json\/wp\/v2\/product_tag?post=25801"}],"curies":[{"name":"wp","href":"https:\/\/api.w.org\/{rel}","templated":true}]}}