{"id":25818,"date":"2020-05-14T15:10:02","date_gmt":"2020-05-14T15:10:02","guid":{"rendered":"https:\/\/enipau.ro\/produs\/uncategorized\/element-de-facade-droit\/"},"modified":"2020-05-14T15:10:02","modified_gmt":"2020-05-14T15:10:02","slug":"element-de-facade-droit","status":"publish","type":"product","link":"https:\/\/enipau.ro\/fr\/produit\/lambris-exterieur\/element-de-facade-droit\/","title":{"rendered":"\u00c9l\u00e9ment de fa\u00e7ade droit"},"content":{"rendered":"<p>Comme pour les autres mat\u00e9riaux de construction, la qualit\u00e9 et les performances du bois pour les fa\u00e7ades d\u00e9pendent de la conception choisie ainsi que d&#8217;une construction et d&#8217;une installation correctes. La fa\u00e7ade fait partie du b\u00e2timent et contribue \u00e0 son apparence et \u00e0 son maintien. L&#8217;\u00c9l\u00e9ment de fa\u00e7ade droit a deux bords arrondis et est trait\u00e9 avec de la cire et deux couches de vernis.<br \/>\nLa d\u00e9coration des fa\u00e7ades est diversifi\u00e9e, l&#8217;architecture moderne ayant de plus en plus recours aux lambris pour leur c\u00f4t\u00e9 pratique.<\/p>\n","protected":false},"excerpt":{"rendered":"<p>Le prix indiqu\u00e9 comprend le processus d&#8217;impr\u00e9gnation \u00e0 la cire \u00e0 base de cire Millesi. Les teintes souhait\u00e9es peuvent \u00eatre choisies \u00e0 l&#8217;aide d&#8217;une palette de couleurs. Le bois est trait\u00e9 antiseptiquement pour \u00e9liminer les parasites et le processus garantit une consommation de mat\u00e9riau qui prot\u00e8ge la surface. De mani\u00e8re g\u00e9n\u00e9rale, le bardage en bois est de plus en plus utilis\u00e9 pour donner un aspect personnalis\u00e9 aux b\u00e2timents.   <\/p>\n","protected":false},"featured_media":25822,"comment_status":"closed","ping_status":"closed","template":"","meta":{"_acf_changed":false},"product_brand":[],"product_cat":[1952,1923],"product_tag":[],"class_list":{"0":"post-25818","1":"product","2":"type-product","3":"status-publish","4":"has-post-thumbnail","6":"product_cat-elements-de-facade-facades-en-bois","7":"product_cat-lambris-exterieur","9":"first","10":"instock","11":"taxable","12":"shipping-taxable","13":"purchasable","14":"product-type-variable"},"acf":[],"_links":{"self":[{"href":"https:\/\/enipau.ro\/fr\/wp-json\/wp\/v2\/product\/25818","targetHints":{"allow":["GET"]}}],"collection":[{"href":"https:\/\/enipau.ro\/fr\/wp-json\/wp\/v2\/product"}],"about":[{"href":"https:\/\/enipau.ro\/fr\/wp-json\/wp\/v2\/types\/product"}],"replies":[{"embeddable":true,"href":"https:\/\/enipau.ro\/fr\/wp-json\/wp\/v2\/comments?post=25818"}],"wp:featuredmedia":[{"embeddable":true,"href":"https:\/\/enipau.ro\/fr\/wp-json\/wp\/v2\/media\/25822"}],"wp:attachment":[{"href":"https:\/\/enipau.ro\/fr\/wp-json\/wp\/v2\/media?parent=25818"}],"wp:term":[{"taxonomy":"product_brand","embeddable":true,"href":"https:\/\/enipau.ro\/fr\/wp-json\/wp\/v2\/product_brand?post=25818"},{"taxonomy":"product_cat","embeddable":true,"href":"https:\/\/enipau.ro\/fr\/wp-json\/wp\/v2\/product_cat?post=25818"},{"taxonomy":"product_tag","embeddable":true,"href":"https:\/\/enipau.ro\/fr\/wp-json\/wp\/v2\/product_tag?post=25818"}],"curies":[{"name":"wp","href":"https:\/\/api.w.org\/{rel}","templated":true}]}}