{"id":25838,"date":"2020-05-14T15:22:33","date_gmt":"2020-05-14T15:22:33","guid":{"rendered":"https:\/\/enipau.ro\/produs\/uncategorized\/element-de-facade-trapezoidale\/"},"modified":"2020-05-14T15:22:33","modified_gmt":"2020-05-14T15:22:33","slug":"element-de-facade-trapezoidale","status":"publish","type":"product","link":"https:\/\/enipau.ro\/fr\/produit\/lambris-exterieur\/element-de-facade-trapezoidale\/","title":{"rendered":"\u00c9l\u00e9ment de fa\u00e7ade trap\u00e9zo\u00efdale"},"content":{"rendered":"<p>Le bois est devenu un mat\u00e9riau de plus en plus populaire pour les petites et grandes constructions. De mani\u00e8re g\u00e9n\u00e9rale, le bardage en bois est de plus en plus utilis\u00e9 pour donner un aspect personnalis\u00e9 aux b\u00e2timents. Le bois pr\u00e9sente de multiples avantages, tant sur le plan esth\u00e9tique que pratique. Il peut \u00eatre utilis\u00e9 pour habiller des maisons, des chalets, des tours ou des b\u00e2timents \u00e0 des fins diverses. Il est \u00e9galement tr\u00e8s utile pour fabriquer des brise-soleil fixes ou orientables.<\/p>\n","protected":false},"excerpt":{"rendered":"<p>Enipau propose des \u00e9l\u00e9ments de fa\u00e7ade trap\u00e9zo\u00efdaux de diff\u00e9rentes tailles. Le prix comprend le processus d&#8217;impr\u00e9gnation de la laque \u00e0 base de cire Millesi. Les teintes souhait\u00e9es peuvent \u00eatre choisies \u00e0 l&#8217;aide d&#8217;une palette de couleurs. Le bois est trait\u00e9 antiseptiquement pour d\u00e9truire les parasites et le traitement garantit une consommation de mat\u00e9riau qui assure la protection de la surface. Nous vous proposons des \u00e9l\u00e9ments de fa\u00e7ade de qualit\u00e9 sup\u00e9rieure, car le bois a \u00e9t\u00e9 s\u00e9ch\u00e9 au four dans les r\u00e8gles de l&#8217;art et ne pr\u00e9sente que de tr\u00e8s petits n\u0153uds.<\/p>\n","protected":false},"featured_media":25843,"comment_status":"closed","ping_status":"closed","template":"","meta":{"_acf_changed":false},"product_brand":[],"product_cat":[1952,1923],"product_tag":[],"class_list":{"0":"post-25838","1":"product","2":"type-product","3":"status-publish","4":"has-post-thumbnail","6":"product_cat-elements-de-facade-facades-en-bois","7":"product_cat-lambris-exterieur","9":"first","10":"instock","11":"taxable","12":"shipping-taxable","13":"purchasable","14":"product-type-variable"},"acf":[],"_links":{"self":[{"href":"https:\/\/enipau.ro\/fr\/wp-json\/wp\/v2\/product\/25838","targetHints":{"allow":["GET"]}}],"collection":[{"href":"https:\/\/enipau.ro\/fr\/wp-json\/wp\/v2\/product"}],"about":[{"href":"https:\/\/enipau.ro\/fr\/wp-json\/wp\/v2\/types\/product"}],"replies":[{"embeddable":true,"href":"https:\/\/enipau.ro\/fr\/wp-json\/wp\/v2\/comments?post=25838"}],"wp:featuredmedia":[{"embeddable":true,"href":"https:\/\/enipau.ro\/fr\/wp-json\/wp\/v2\/media\/25843"}],"wp:attachment":[{"href":"https:\/\/enipau.ro\/fr\/wp-json\/wp\/v2\/media?parent=25838"}],"wp:term":[{"taxonomy":"product_brand","embeddable":true,"href":"https:\/\/enipau.ro\/fr\/wp-json\/wp\/v2\/product_brand?post=25838"},{"taxonomy":"product_cat","embeddable":true,"href":"https:\/\/enipau.ro\/fr\/wp-json\/wp\/v2\/product_cat?post=25838"},{"taxonomy":"product_tag","embeddable":true,"href":"https:\/\/enipau.ro\/fr\/wp-json\/wp\/v2\/product_tag?post=25838"}],"curies":[{"name":"wp","href":"https:\/\/api.w.org\/{rel}","templated":true}]}}