{"id":25919,"date":"2020-05-14T14:40:52","date_gmt":"2020-05-14T14:40:52","guid":{"rendered":"https:\/\/enipau.ro\/produs\/uncategorized\/heco-unix-vis-de-lambris-superieur\/"},"modified":"2020-05-14T14:40:52","modified_gmt":"2020-05-14T14:40:52","slug":"heco-unix-vis-de-lambris-superieur","status":"publish","type":"product","link":"https:\/\/enipau.ro\/fr\/produit\/connecteurs-en-bois-quincaillerie\/heco-unix-vis-de-lambris-superieur\/","title":{"rendered":"Heco Unix Vis de lambris sup\u00e9rieur"},"content":{"rendered":"<p>Le pas de vis complet HECO Unix assure une prise compacte et les sols et planchers ne grinceront pas au fil du temps. Elles sont principalement utilis\u00e9es pour la fixation des sols, des lambris, des fa\u00e7ades et des lames de parquet. Elles peuvent \u00e9galement \u00eatre utilis\u00e9es pour monter des meubles, fixer des cadres de fen\u00eatres et de tiroirs et des ruches d&#8217;abeilles.<\/p>\n","protected":false},"excerpt":{"rendered":"<p>Enipau propose les vis \u00e0 bois HECO Unix avec filetage et effet de serrage progressif. Les vis sont dot\u00e9es d&#8217;une petite t\u00eate semi-humide qui offre une finition exceptionnelle. Elle peut \u00e9galement \u00eatre viss\u00e9e \u00e0 un angle de 45 degr\u00e9s.  <\/p>\n","protected":false},"featured_media":25920,"comment_status":"closed","ping_status":"closed","template":"","meta":{"_acf_changed":false},"product_brand":[],"product_cat":[2052],"product_tag":[],"class_list":{"0":"post-25919","1":"product","2":"type-product","3":"status-publish","4":"has-post-thumbnail","6":"product_cat-connecteurs-en-bois-quincaillerie","8":"first","9":"instock","10":"taxable","11":"shipping-taxable","12":"purchasable","13":"product-type-variable"},"acf":[],"_links":{"self":[{"href":"https:\/\/enipau.ro\/fr\/wp-json\/wp\/v2\/product\/25919","targetHints":{"allow":["GET"]}}],"collection":[{"href":"https:\/\/enipau.ro\/fr\/wp-json\/wp\/v2\/product"}],"about":[{"href":"https:\/\/enipau.ro\/fr\/wp-json\/wp\/v2\/types\/product"}],"replies":[{"embeddable":true,"href":"https:\/\/enipau.ro\/fr\/wp-json\/wp\/v2\/comments?post=25919"}],"wp:featuredmedia":[{"embeddable":true,"href":"https:\/\/enipau.ro\/fr\/wp-json\/wp\/v2\/media\/25920"}],"wp:attachment":[{"href":"https:\/\/enipau.ro\/fr\/wp-json\/wp\/v2\/media?parent=25919"}],"wp:term":[{"taxonomy":"product_brand","embeddable":true,"href":"https:\/\/enipau.ro\/fr\/wp-json\/wp\/v2\/product_brand?post=25919"},{"taxonomy":"product_cat","embeddable":true,"href":"https:\/\/enipau.ro\/fr\/wp-json\/wp\/v2\/product_cat?post=25919"},{"taxonomy":"product_tag","embeddable":true,"href":"https:\/\/enipau.ro\/fr\/wp-json\/wp\/v2\/product_tag?post=25919"}],"curies":[{"name":"wp","href":"https:\/\/api.w.org\/{rel}","templated":true}]}}