{"id":25924,"date":"2020-05-14T14:46:43","date_gmt":"2020-05-14T14:46:43","guid":{"rendered":"https:\/\/enipau.ro\/produs\/uncategorized\/joint-en-v\/"},"modified":"2020-05-14T14:46:43","modified_gmt":"2020-05-14T14:46:43","slug":"joint-en-v","status":"publish","type":"product","link":"https:\/\/enipau.ro\/fr\/produit\/connecteurs-en-bois-quincaillerie\/joint-en-v\/","title":{"rendered":"&#8220;Joint en &#8220;V"},"content":{"rendered":"<p>Les boulons d&#8217;assemblage en bois, selon leur taille, peuvent \u00eatre utilis\u00e9s pour fixer des chevrons, des planches ou des poutres en bois.<\/p>\n","protected":false},"excerpt":{"rendered":"<p>Enipau propose un joint en V pour le bois et d&#8217;autres fixations. Il est fabriqu\u00e9 en t\u00f4le d&#8217;acier galvanis\u00e9e. Il est principalement utilis\u00e9 pour la r\u00e9alisation de diverses structures en bois sur les maisons, les toits, les garages, les pergolas, les tonnelles, les gazebos, les terrasses, les garde-corps, les cl\u00f4tures, les portails, etc.  <\/p>\n","protected":false},"featured_media":25925,"comment_status":"closed","ping_status":"closed","template":"","meta":{"_acf_changed":false},"product_brand":[],"product_cat":[2052],"product_tag":[],"class_list":{"0":"post-25924","1":"product","2":"type-product","3":"status-publish","4":"has-post-thumbnail","6":"product_cat-connecteurs-en-bois-quincaillerie","8":"first","9":"instock","10":"taxable","11":"shipping-taxable","12":"purchasable","13":"product-type-variable"},"acf":[],"_links":{"self":[{"href":"https:\/\/enipau.ro\/fr\/wp-json\/wp\/v2\/product\/25924","targetHints":{"allow":["GET"]}}],"collection":[{"href":"https:\/\/enipau.ro\/fr\/wp-json\/wp\/v2\/product"}],"about":[{"href":"https:\/\/enipau.ro\/fr\/wp-json\/wp\/v2\/types\/product"}],"replies":[{"embeddable":true,"href":"https:\/\/enipau.ro\/fr\/wp-json\/wp\/v2\/comments?post=25924"}],"wp:featuredmedia":[{"embeddable":true,"href":"https:\/\/enipau.ro\/fr\/wp-json\/wp\/v2\/media\/25925"}],"wp:attachment":[{"href":"https:\/\/enipau.ro\/fr\/wp-json\/wp\/v2\/media?parent=25924"}],"wp:term":[{"taxonomy":"product_brand","embeddable":true,"href":"https:\/\/enipau.ro\/fr\/wp-json\/wp\/v2\/product_brand?post=25924"},{"taxonomy":"product_cat","embeddable":true,"href":"https:\/\/enipau.ro\/fr\/wp-json\/wp\/v2\/product_cat?post=25924"},{"taxonomy":"product_tag","embeddable":true,"href":"https:\/\/enipau.ro\/fr\/wp-json\/wp\/v2\/product_tag?post=25924"}],"curies":[{"name":"wp","href":"https:\/\/api.w.org\/{rel}","templated":true}]}}