{"id":25958,"date":"2020-05-14T14:50:55","date_gmt":"2020-05-14T14:50:55","guid":{"rendered":"https:\/\/enipau.ro\/produs\/uncategorized\/base-papuc-en-forme-de-u\/"},"modified":"2025-04-16T14:03:29","modified_gmt":"2025-04-16T14:03:29","slug":"sabot-dappui-en-forme-de-u","status":"publish","type":"product","link":"https:\/\/enipau.ro\/fr\/produit\/connecteurs-en-bois-quincaillerie\/sabot-dappui-en-forme-de-u\/","title":{"rendered":"Sabot d&#8217;appui en forme de U"},"content":{"rendered":"<p>Enipau commercialise une embase l\u00e9g\u00e8re en U en forme de U. Il s&#8217;agit d&#8217;un \u00e9l\u00e9ment utile pour l&#8217;assemblage du bois. Il s&#8217;agit d&#8217;un \u00e9l\u00e9ment utile pour l&#8217;assemblage du bois, utilis\u00e9 dans la construction de maisons, de toits, de garages, de pergolas, de gloriettes, de terrasses, de garde-corps, de cl\u00f4tures, de portails, etc. Il est fabriqu\u00e9 en t\u00f4le d&#8217;acier galvanis\u00e9e.<\/p>\n<p>&nbsp;<\/p>\n","protected":false},"excerpt":{"rendered":"<p>Le r\u00f4le d&#8217;une fondation est important pour fixer les \u00e9l\u00e9ments en bois de toute construction, en particulier les poteaux en bois. <span style=\"font-weight: 400;\">AxBxC correspond \u00e0 la taille indiqu\u00e9e dans le menu. Nous vous proposons une large gamme de produits soigneusement s\u00e9lectionn\u00e9s, fabriqu\u00e9s et test\u00e9s selon les normes de qualit\u00e9 les plus strictes. <\/span><\/p>\n<p>&nbsp;<\/p>\n","protected":false},"featured_media":25959,"comment_status":"closed","ping_status":"closed","template":"","meta":{"_acf_changed":false},"product_brand":[],"product_cat":[2052],"product_tag":[],"class_list":{"0":"post-25958","1":"product","2":"type-product","3":"status-publish","4":"has-post-thumbnail","6":"product_cat-connecteurs-en-bois-quincaillerie","8":"first","9":"instock","10":"taxable","11":"shipping-taxable","12":"purchasable","13":"product-type-variable"},"acf":[],"_links":{"self":[{"href":"https:\/\/enipau.ro\/fr\/wp-json\/wp\/v2\/product\/25958","targetHints":{"allow":["GET"]}}],"collection":[{"href":"https:\/\/enipau.ro\/fr\/wp-json\/wp\/v2\/product"}],"about":[{"href":"https:\/\/enipau.ro\/fr\/wp-json\/wp\/v2\/types\/product"}],"replies":[{"embeddable":true,"href":"https:\/\/enipau.ro\/fr\/wp-json\/wp\/v2\/comments?post=25958"}],"wp:featuredmedia":[{"embeddable":true,"href":"https:\/\/enipau.ro\/fr\/wp-json\/wp\/v2\/media\/25959"}],"wp:attachment":[{"href":"https:\/\/enipau.ro\/fr\/wp-json\/wp\/v2\/media?parent=25958"}],"wp:term":[{"taxonomy":"product_brand","embeddable":true,"href":"https:\/\/enipau.ro\/fr\/wp-json\/wp\/v2\/product_brand?post=25958"},{"taxonomy":"product_cat","embeddable":true,"href":"https:\/\/enipau.ro\/fr\/wp-json\/wp\/v2\/product_cat?post=25958"},{"taxonomy":"product_tag","embeddable":true,"href":"https:\/\/enipau.ro\/fr\/wp-json\/wp\/v2\/product_tag?post=25958"}],"curies":[{"name":"wp","href":"https:\/\/api.w.org\/{rel}","templated":true}]}}