{"id":25971,"date":"2020-05-14T15:49:08","date_gmt":"2020-05-14T15:49:08","guid":{"rendered":"https:\/\/enipau.ro\/produs\/uncategorized\/panneau-de-cloture-en-bois-2\/"},"modified":"2020-05-14T15:49:08","modified_gmt":"2020-05-14T15:49:08","slug":"panneau-de-cloture-en-bois-2","status":"publish","type":"product","link":"https:\/\/enipau.ro\/fr\/produit\/elements-de-cloture-en-bois\/panneau-de-cloture-en-bois-2\/","title":{"rendered":"Panneau de cl\u00f4ture en bois 2"},"content":{"rendered":"<p>Un autre am\u00e9nagement ext\u00e9rieur important est la cl\u00f4ture en bois, qui offre non seulement protection et intimit\u00e9 dans la maison, mais devient \u00e9galement le principal indicateur de style et d&#8217;image dans la d\u00e9coration de votre maison ou de votre chalet.<br \/>\nLe bois est un bon choix esth\u00e9tique et offre une sensation de confort que l&#8217;on ne retrouve pas dans d&#8217;autres mat\u00e9riaux. Choisissez <a href=\"https:\/\/enipau.ro\/fr\/produits\/panneaux-de-cloture-en-bois\/\">le mod\u00e8le qui convient \u00e0 votre maison<\/a> ou demandez un devis personnalis\u00e9.<\/p>\n","protected":false},"excerpt":{"rendered":"<p>Les couleurs et les formes pr\u00e9d\u00e9finies des mod\u00e8les con\u00e7us par l&#8217;\u00e9quipe d&#8217;Enipau ne sont que quelques exemples des conceptions possibles. N&#8217;h\u00e9sitez pas \u00e0 <a href=\"https:\/\/enipau.ro\/contact\/\">contacter les sp\u00e9cialistes d&#8217;Enipau <\/a>pour l&#8217;assistance, le montage, le transport et la conception de panneaux de cl\u00f4ture uniques. <\/p>\n","protected":false},"featured_media":25973,"comment_status":"closed","ping_status":"closed","template":"","meta":{"_acf_changed":false},"product_brand":[],"product_cat":[2105,2257],"product_tag":[],"class_list":{"0":"post-25971","1":"product","2":"type-product","3":"status-publish","4":"has-post-thumbnail","6":"product_cat-elements-de-cloture-en-bois","7":"product_cat-panneaux-de-cloture-en-bois","9":"first","10":"instock","11":"taxable","12":"shipping-taxable","13":"purchasable","14":"product-type-simple"},"acf":[],"_links":{"self":[{"href":"https:\/\/enipau.ro\/fr\/wp-json\/wp\/v2\/product\/25971","targetHints":{"allow":["GET"]}}],"collection":[{"href":"https:\/\/enipau.ro\/fr\/wp-json\/wp\/v2\/product"}],"about":[{"href":"https:\/\/enipau.ro\/fr\/wp-json\/wp\/v2\/types\/product"}],"replies":[{"embeddable":true,"href":"https:\/\/enipau.ro\/fr\/wp-json\/wp\/v2\/comments?post=25971"}],"wp:featuredmedia":[{"embeddable":true,"href":"https:\/\/enipau.ro\/fr\/wp-json\/wp\/v2\/media\/25973"}],"wp:attachment":[{"href":"https:\/\/enipau.ro\/fr\/wp-json\/wp\/v2\/media?parent=25971"}],"wp:term":[{"taxonomy":"product_brand","embeddable":true,"href":"https:\/\/enipau.ro\/fr\/wp-json\/wp\/v2\/product_brand?post=25971"},{"taxonomy":"product_cat","embeddable":true,"href":"https:\/\/enipau.ro\/fr\/wp-json\/wp\/v2\/product_cat?post=25971"},{"taxonomy":"product_tag","embeddable":true,"href":"https:\/\/enipau.ro\/fr\/wp-json\/wp\/v2\/product_tag?post=25971"}],"curies":[{"name":"wp","href":"https:\/\/api.w.org\/{rel}","templated":true}]}}