{"id":25986,"date":"2020-05-14T15:51:54","date_gmt":"2020-05-14T15:51:54","guid":{"rendered":"https:\/\/enipau.ro\/produs\/uncategorized\/panneau-de-cloture-en-bois-4\/"},"modified":"2020-05-14T15:51:54","modified_gmt":"2020-05-14T15:51:54","slug":"panneau-de-cloture-en-bois-4","status":"publish","type":"product","link":"https:\/\/enipau.ro\/fr\/produit\/elements-de-cloture-en-bois\/panneau-de-cloture-en-bois-4\/","title":{"rendered":"Panneau de cl\u00f4ture en bois 4"},"content":{"rendered":"<p>R\u00e9alis\u00e9 par l&#8217;assemblage pr\u00e9cis des lames, il permet de se d\u00e9tacher des bruits quotidiens et d&#8217;\u00e9viter la visibilit\u00e9 \u00e0 l&#8217;int\u00e9rieur. Le bois provenant de \u00c9pic\u00e9a, donne de l&#8217;\u00e9l\u00e9gance \u00e0 toute maison gr\u00e2ce \u00e0 son design simple et naturel. Le bois provient de \u00c9pic\u00e9a et constitue le meilleur choix, \u00e9conomique et convivial.  <\/p>\n<p>La conception de cette cl\u00f4ture est destin\u00e9e \u00e0 prot\u00e9ger votre propri\u00e9t\u00e9 et \u00e0 cl\u00f4turer votre maison ou votre jardin. Elle donne \u00e9galement un aspect a\u00e9r\u00e9 bien qu&#8217;elle ne permette pas de voir \u00e0 l&#8217;int\u00e9rieur de la propri\u00e9t\u00e9 et peut \u00eatre facilement entretenue. <a href=\"https:\/\/enipau.ro\/fr\/produits\/panneaux-de-cloture-en-bois\/\">D\u00e9couvrez tous les mod\u00e8les de cl\u00f4tures ici<\/a>!<\/p>\n","protected":false},"excerpt":{"rendered":"<p>Gr\u00e2ce au bois r\u00e9sineux utilis\u00e9, sa r\u00e9sistance augmente avec le temps et vous pouvez \u00e9galement choisir de la peindre, ce qui la prot\u00e8ge des moisissures. Cette cl\u00f4ture de type ranch n&#8217;est pas tr\u00e8s haute, elle est facile \u00e0 monter et a un aspect minimaliste, parfait pour une maison de montagne ou urbaine. <\/p>\n","protected":false},"featured_media":25987,"comment_status":"closed","ping_status":"closed","template":"","meta":{"_acf_changed":false},"product_brand":[],"product_cat":[2105,2257],"product_tag":[],"class_list":{"0":"post-25986","1":"product","2":"type-product","3":"status-publish","4":"has-post-thumbnail","6":"product_cat-elements-de-cloture-en-bois","7":"product_cat-panneaux-de-cloture-en-bois","9":"first","10":"instock","11":"taxable","12":"shipping-taxable","13":"purchasable","14":"product-type-simple"},"acf":[],"_links":{"self":[{"href":"https:\/\/enipau.ro\/fr\/wp-json\/wp\/v2\/product\/25986","targetHints":{"allow":["GET"]}}],"collection":[{"href":"https:\/\/enipau.ro\/fr\/wp-json\/wp\/v2\/product"}],"about":[{"href":"https:\/\/enipau.ro\/fr\/wp-json\/wp\/v2\/types\/product"}],"replies":[{"embeddable":true,"href":"https:\/\/enipau.ro\/fr\/wp-json\/wp\/v2\/comments?post=25986"}],"wp:featuredmedia":[{"embeddable":true,"href":"https:\/\/enipau.ro\/fr\/wp-json\/wp\/v2\/media\/25987"}],"wp:attachment":[{"href":"https:\/\/enipau.ro\/fr\/wp-json\/wp\/v2\/media?parent=25986"}],"wp:term":[{"taxonomy":"product_brand","embeddable":true,"href":"https:\/\/enipau.ro\/fr\/wp-json\/wp\/v2\/product_brand?post=25986"},{"taxonomy":"product_cat","embeddable":true,"href":"https:\/\/enipau.ro\/fr\/wp-json\/wp\/v2\/product_cat?post=25986"},{"taxonomy":"product_tag","embeddable":true,"href":"https:\/\/enipau.ro\/fr\/wp-json\/wp\/v2\/product_tag?post=25986"}],"curies":[{"name":"wp","href":"https:\/\/api.w.org\/{rel}","templated":true}]}}