{"id":25995,"date":"2020-05-14T15:52:46","date_gmt":"2020-05-14T15:52:46","guid":{"rendered":"https:\/\/enipau.ro\/produs\/uncategorized\/panneau-de-cloture-en-bois-5\/"},"modified":"2020-05-14T15:52:46","modified_gmt":"2020-05-14T15:52:46","slug":"panneau-de-cloture-en-bois-5","status":"publish","type":"product","link":"https:\/\/enipau.ro\/fr\/produit\/elements-de-cloture-en-bois\/panneau-de-cloture-en-bois-5\/","title":{"rendered":"Panneau de cl\u00f4ture en bois 5"},"content":{"rendered":"<p>Retour \u00e0 la nature ! Le panneau de cl\u00f4ture en bois convient parfaitement \u00e0 votre construction de vacances mais aussi \u00e0 une maison moderne dans les quartiers urbains. Le mod\u00e8le num\u00e9ro 5, choisi par nos sp\u00e9cialistes, s&#8217;adapte \u00e0 toutes les maisons gr\u00e2ce \u00e0 sa construction moderne et raffin\u00e9e.  <\/p>\n<p><a href=\"https:\/\/enipau.ro\/fr\/produits\/panneaux-de-cloture-en-bois\/\">D\u00e9couvrez toute la collection de boiseries<\/a> cr\u00e9\u00e9es par nos sp\u00e9cialistes en collaboration avec nos fournisseurs qui respectent des r\u00e8gles environnementales strictes.<\/p>\n","protected":false},"excerpt":{"rendered":"<p>Le panneau de cette cl\u00f4ture est fait de \u00c9pic\u00e9a, positionn\u00e9 verticalement en double couche et r\u00e9pond aux normes de qualit\u00e9 les plus \u00e9lev\u00e9es. Tous nos produits sont fabriqu\u00e9s individuellement et \u00e0 la main, ainsi le panneau de cl\u00f4ture en bois design num\u00e9ro 5 acquiert une apparence unique par rapport \u00e0 la production de masse. La couleur est d\u00e9finie par les types de traitements appliqu\u00e9s au bois, qui assurent la protection de l&#8217;environnement.  <\/p>\n","protected":false},"featured_media":25998,"comment_status":"closed","ping_status":"closed","template":"","meta":{"_acf_changed":false},"product_brand":[],"product_cat":[2105,2257],"product_tag":[],"class_list":{"0":"post-25995","1":"product","2":"type-product","3":"status-publish","4":"has-post-thumbnail","6":"product_cat-elements-de-cloture-en-bois","7":"product_cat-panneaux-de-cloture-en-bois","9":"first","10":"instock","11":"taxable","12":"shipping-taxable","13":"purchasable","14":"product-type-simple"},"acf":[],"_links":{"self":[{"href":"https:\/\/enipau.ro\/fr\/wp-json\/wp\/v2\/product\/25995","targetHints":{"allow":["GET"]}}],"collection":[{"href":"https:\/\/enipau.ro\/fr\/wp-json\/wp\/v2\/product"}],"about":[{"href":"https:\/\/enipau.ro\/fr\/wp-json\/wp\/v2\/types\/product"}],"replies":[{"embeddable":true,"href":"https:\/\/enipau.ro\/fr\/wp-json\/wp\/v2\/comments?post=25995"}],"wp:featuredmedia":[{"embeddable":true,"href":"https:\/\/enipau.ro\/fr\/wp-json\/wp\/v2\/media\/25998"}],"wp:attachment":[{"href":"https:\/\/enipau.ro\/fr\/wp-json\/wp\/v2\/media?parent=25995"}],"wp:term":[{"taxonomy":"product_brand","embeddable":true,"href":"https:\/\/enipau.ro\/fr\/wp-json\/wp\/v2\/product_brand?post=25995"},{"taxonomy":"product_cat","embeddable":true,"href":"https:\/\/enipau.ro\/fr\/wp-json\/wp\/v2\/product_cat?post=25995"},{"taxonomy":"product_tag","embeddable":true,"href":"https:\/\/enipau.ro\/fr\/wp-json\/wp\/v2\/product_tag?post=25995"}],"curies":[{"name":"wp","href":"https:\/\/api.w.org\/{rel}","templated":true}]}}