{"id":25999,"date":"2020-05-15T07:51:51","date_gmt":"2020-05-15T07:51:51","guid":{"rendered":"https:\/\/enipau.ro\/produs\/uncategorized\/poteau-profile-1-bois-rabote-resineux-classe-a-avec-faces-laterales-en-deux-courbes-profilees-pour-terrasses-pergolas-gloriettes-auvents\/"},"modified":"2020-05-15T07:51:51","modified_gmt":"2020-05-15T07:51:51","slug":"poteau-profile-1-bois-rabote-resineux-classe-a-avec-faces-laterales-en-deux-courbes-profilees-pour-terrasses-pergolas-gloriettes-auvents","status":"publish","type":"product","link":"https:\/\/enipau.ro\/fr\/produit\/terrasses-et-balcons-en-bois\/poteau-profile-1-bois-rabote-resineux-classe-a-avec-faces-laterales-en-deux-courbes-profilees-pour-terrasses-pergolas-gloriettes-auvents\/","title":{"rendered":"Poteau profil\u00e9 1 bois rabot\u00e9, r\u00e9sineux, classe A, avec faces lat\u00e9rales en deux courbes profil\u00e9es, pour terrasses, pergolas, gloriettes, auvents"},"content":{"rendered":"<p>Utilis\u00e9s principalement pour les terrasses, les pergolas, les gloriettes, les auvents, les poteaux en bois profil\u00e9 ont un aspect particulier et un design moderne avec les c\u00f4t\u00e9s en deux courbes profil\u00e9es. Le bois est trait\u00e9 antiseptiquement pour d\u00e9truire les parasites et le traitement garantit une consommation de mat\u00e9riau qui prot\u00e8ge la surface.<\/p>\n","protected":false},"excerpt":{"rendered":"<p>Choisissez l&#8217;un des mod\u00e8les de poteaux profil\u00e9s du catalogue de produits Enipau ou consultez-nous pour un mod\u00e8le unique. Nous impr\u00e9gnons et traitons le bois dans la couleur souhait\u00e9e et le livrons pr\u00eat \u00e0 l&#8217;emploi pour votre construction. <\/p>\n","protected":false},"featured_media":26001,"comment_status":"closed","ping_status":"closed","template":"","meta":{"_acf_changed":false},"product_brand":[],"product_cat":[1988,2037,2145,1927],"product_tag":[],"class_list":{"0":"post-25999","1":"product","2":"type-product","3":"status-publish","4":"has-post-thumbnail","6":"product_cat-bois-depicea","7":"product_cat-bois-et-paille","8":"product_cat-bois-rabote","9":"product_cat-terrasses-et-balcons-en-bois","11":"first","12":"instock","13":"taxable","14":"shipping-taxable","15":"purchasable","16":"product-type-variable"},"acf":[],"_links":{"self":[{"href":"https:\/\/enipau.ro\/fr\/wp-json\/wp\/v2\/product\/25999","targetHints":{"allow":["GET"]}}],"collection":[{"href":"https:\/\/enipau.ro\/fr\/wp-json\/wp\/v2\/product"}],"about":[{"href":"https:\/\/enipau.ro\/fr\/wp-json\/wp\/v2\/types\/product"}],"replies":[{"embeddable":true,"href":"https:\/\/enipau.ro\/fr\/wp-json\/wp\/v2\/comments?post=25999"}],"wp:featuredmedia":[{"embeddable":true,"href":"https:\/\/enipau.ro\/fr\/wp-json\/wp\/v2\/media\/26001"}],"wp:attachment":[{"href":"https:\/\/enipau.ro\/fr\/wp-json\/wp\/v2\/media?parent=25999"}],"wp:term":[{"taxonomy":"product_brand","embeddable":true,"href":"https:\/\/enipau.ro\/fr\/wp-json\/wp\/v2\/product_brand?post=25999"},{"taxonomy":"product_cat","embeddable":true,"href":"https:\/\/enipau.ro\/fr\/wp-json\/wp\/v2\/product_cat?post=25999"},{"taxonomy":"product_tag","embeddable":true,"href":"https:\/\/enipau.ro\/fr\/wp-json\/wp\/v2\/product_tag?post=25999"}],"curies":[{"name":"wp","href":"https:\/\/api.w.org\/{rel}","templated":true}]}}