{"id":26018,"date":"2020-05-15T07:59:41","date_gmt":"2020-05-15T07:59:41","guid":{"rendered":"https:\/\/enipau.ro\/produs\/uncategorized\/poteau-profile-royal-bois-rabote-resineux-classe-a-avec-des-cotes-droits-a-la-base-et-trois-courbes-de-chaque-cote-pour-terrasses-pergolas-gazebos-auvents\/"},"modified":"2020-05-15T07:59:41","modified_gmt":"2020-05-15T07:59:41","slug":"poteau-profile-royal-bois-rabote-resineux-classe-a-avec-des-cotes-droits-a-la-base-et-trois-courbes-de-chaque-cote-pour-terrasses-pergolas-gazebos-auvents","status":"publish","type":"product","link":"https:\/\/enipau.ro\/fr\/produit\/terrasses-et-balcons-en-bois\/poteau-profile-royal-bois-rabote-resineux-classe-a-avec-des-cotes-droits-a-la-base-et-trois-courbes-de-chaque-cote-pour-terrasses-pergolas-gazebos-auvents\/","title":{"rendered":"Poteau profil\u00e9 Royal, bois rabot\u00e9, r\u00e9sineux, classe A, avec des c\u00f4t\u00e9s droits \u00e0 la base et trois courbes de chaque c\u00f4t\u00e9, pour terrasses, pergolas, gazebos, auvents"},"content":{"rendered":"<p>Utilis\u00e9s principalement pour les terrasses, les pergolas, les gloriettes, les auvents, les poteaux en bois profil\u00e9 Royal ont un aspect particulier et un design moderne, \u00e0 la base avec des faces droites \u00e0 quart de cercle, d&#8217;o\u00f9 le bois a un design moderne avec trois courbes sur chaque face. Le bois est trait\u00e9 antiseptiquement pour d\u00e9truire les parasites et le traitement garantit une consommation de mat\u00e9riau qui assure la protection de la surface.<\/p>\n","protected":false},"excerpt":{"rendered":"<p>Choisissez l&#8217;un des mod\u00e8les de poteaux \u00e0 profil royal du catalogue de produits Enipau ou consultez-nous pour un mod\u00e8le unique. Nous impr\u00e9gnons et traitons le bois dans la couleur souhait\u00e9e et le livrons pr\u00eat \u00e0 l&#8217;emploi pour votre construction. <\/p>\n","protected":false},"featured_media":26019,"comment_status":"closed","ping_status":"closed","template":"","meta":{"_acf_changed":false},"product_brand":[],"product_cat":[1988,2037,2145,1927],"product_tag":[],"class_list":{"0":"post-26018","1":"product","2":"type-product","3":"status-publish","4":"has-post-thumbnail","6":"product_cat-bois-depicea","7":"product_cat-bois-et-paille","8":"product_cat-bois-rabote","9":"product_cat-terrasses-et-balcons-en-bois","11":"first","12":"instock","13":"taxable","14":"shipping-taxable","15":"purchasable","16":"product-type-variable"},"acf":[],"_links":{"self":[{"href":"https:\/\/enipau.ro\/fr\/wp-json\/wp\/v2\/product\/26018","targetHints":{"allow":["GET"]}}],"collection":[{"href":"https:\/\/enipau.ro\/fr\/wp-json\/wp\/v2\/product"}],"about":[{"href":"https:\/\/enipau.ro\/fr\/wp-json\/wp\/v2\/types\/product"}],"replies":[{"embeddable":true,"href":"https:\/\/enipau.ro\/fr\/wp-json\/wp\/v2\/comments?post=26018"}],"wp:featuredmedia":[{"embeddable":true,"href":"https:\/\/enipau.ro\/fr\/wp-json\/wp\/v2\/media\/26019"}],"wp:attachment":[{"href":"https:\/\/enipau.ro\/fr\/wp-json\/wp\/v2\/media?parent=26018"}],"wp:term":[{"taxonomy":"product_brand","embeddable":true,"href":"https:\/\/enipau.ro\/fr\/wp-json\/wp\/v2\/product_brand?post=26018"},{"taxonomy":"product_cat","embeddable":true,"href":"https:\/\/enipau.ro\/fr\/wp-json\/wp\/v2\/product_cat?post=26018"},{"taxonomy":"product_tag","embeddable":true,"href":"https:\/\/enipau.ro\/fr\/wp-json\/wp\/v2\/product_tag?post=26018"}],"curies":[{"name":"wp","href":"https:\/\/api.w.org\/{rel}","templated":true}]}}