{"id":26025,"date":"2020-05-15T08:04:19","date_gmt":"2020-05-15T08:04:19","guid":{"rendered":"https:\/\/enipau.ro\/produs\/uncategorized\/profile-en-bois-en-forme-de-u-rabote-pour-clotures-en-bois-en-forme-de-u-ou-de-l\/"},"modified":"2020-05-15T08:04:19","modified_gmt":"2020-05-15T08:04:19","slug":"profile-en-bois-en-forme-de-u-rabote-pour-clotures-en-bois-en-forme-de-u-ou-de-l","status":"publish","type":"product","link":"https:\/\/enipau.ro\/fr\/produit\/terrasses-et-balcons-en-bois\/profile-en-bois-en-forme-de-u-rabote-pour-clotures-en-bois-en-forme-de-u-ou-de-l\/","title":{"rendered":"Profil\u00e9 en bois en forme de U, rabot\u00e9, pour cl\u00f4tures en bois en forme de U ou de L"},"content":{"rendered":"<p>Nous impr\u00e9gnons et traitons le bois avec la couleur souhait\u00e9e et livrons les \u00e9l\u00e9ments pr\u00eats \u00e0 l&#8217;emploi pour votre construction. Le bois est trait\u00e9 de mani\u00e8re antiseptique pour \u00e9liminer les parasites et le traitement garantit une consommation de mat\u00e9riau qui assure la protection de la surface.<\/p>\n","protected":false},"excerpt":{"rendered":"<p>Utilis\u00e9 pour les cl\u00f4tures en bois en forme de U ou de L, sur demande en fonction des besoins de votre projet. Il est utilis\u00e9 comme ornement des cloisons. <\/p>\n","protected":false},"featured_media":26026,"comment_status":"closed","ping_status":"closed","template":"","meta":{"_acf_changed":false},"product_brand":[],"product_cat":[1988,2037,2145,1927],"product_tag":[],"class_list":{"0":"post-26025","1":"product","2":"type-product","3":"status-publish","4":"has-post-thumbnail","6":"product_cat-bois-depicea","7":"product_cat-bois-et-paille","8":"product_cat-bois-rabote","9":"product_cat-terrasses-et-balcons-en-bois","11":"first","12":"instock","13":"taxable","14":"shipping-taxable","15":"purchasable","16":"product-type-variable"},"acf":[],"_links":{"self":[{"href":"https:\/\/enipau.ro\/fr\/wp-json\/wp\/v2\/product\/26025","targetHints":{"allow":["GET"]}}],"collection":[{"href":"https:\/\/enipau.ro\/fr\/wp-json\/wp\/v2\/product"}],"about":[{"href":"https:\/\/enipau.ro\/fr\/wp-json\/wp\/v2\/types\/product"}],"replies":[{"embeddable":true,"href":"https:\/\/enipau.ro\/fr\/wp-json\/wp\/v2\/comments?post=26025"}],"wp:featuredmedia":[{"embeddable":true,"href":"https:\/\/enipau.ro\/fr\/wp-json\/wp\/v2\/media\/26026"}],"wp:attachment":[{"href":"https:\/\/enipau.ro\/fr\/wp-json\/wp\/v2\/media?parent=26025"}],"wp:term":[{"taxonomy":"product_brand","embeddable":true,"href":"https:\/\/enipau.ro\/fr\/wp-json\/wp\/v2\/product_brand?post=26025"},{"taxonomy":"product_cat","embeddable":true,"href":"https:\/\/enipau.ro\/fr\/wp-json\/wp\/v2\/product_cat?post=26025"},{"taxonomy":"product_tag","embeddable":true,"href":"https:\/\/enipau.ro\/fr\/wp-json\/wp\/v2\/product_tag?post=26025"}],"curies":[{"name":"wp","href":"https:\/\/api.w.org\/{rel}","templated":true}]}}