{"id":26031,"date":"2020-05-15T09:02:04","date_gmt":"2020-05-15T09:02:04","guid":{"rendered":"https:\/\/enipau.ro\/produs\/uncategorized\/corniere-en-bois-l\/"},"modified":"2020-05-15T09:02:04","modified_gmt":"2020-05-15T09:02:04","slug":"corniere-en-bois-l","status":"publish","type":"product","link":"https:\/\/enipau.ro\/fr\/produit\/corniere-en-bois\/corniere-en-bois-l\/","title":{"rendered":"Corni\u00e8re en bois L"},"content":{"rendered":"<p>Ces \u00e9l\u00e9ments utilis\u00e9s dans la construction permettent de prot\u00e9ger et de renforcer les joints d&#8217;angle. Le profil ext\u00e9rieur de l&#8217;angle peut \u00eatre droit ou arrondi, selon les besoins. Un c\u00f4t\u00e9 de la corni\u00e8re en bois est plus bas que l&#8217;autre pour faciliter l&#8217;assemblage des lambris mais aussi pour aider \u00e0 dissimuler les angles.<\/p>\n","protected":false},"excerpt":{"rendered":"<p>Ils peuvent \u00eatre utilis\u00e9s comme \u00e9l\u00e9ments de liaison dans des constructions en bois de toutes tailles, ainsi que comme pi\u00e8ces fonctionnelles ou design.<\/p>\n","protected":false},"featured_media":26035,"comment_status":"closed","ping_status":"closed","template":"","meta":{"_acf_changed":false},"product_brand":[],"product_cat":[2289],"product_tag":[],"class_list":{"0":"post-26031","1":"product","2":"type-product","3":"status-publish","4":"has-post-thumbnail","6":"product_cat-corniere-en-bois","8":"first","9":"instock","10":"taxable","11":"shipping-taxable","12":"purchasable","13":"product-type-variable","14":"has-default-attributes"},"acf":[],"_links":{"self":[{"href":"https:\/\/enipau.ro\/fr\/wp-json\/wp\/v2\/product\/26031","targetHints":{"allow":["GET"]}}],"collection":[{"href":"https:\/\/enipau.ro\/fr\/wp-json\/wp\/v2\/product"}],"about":[{"href":"https:\/\/enipau.ro\/fr\/wp-json\/wp\/v2\/types\/product"}],"replies":[{"embeddable":true,"href":"https:\/\/enipau.ro\/fr\/wp-json\/wp\/v2\/comments?post=26031"}],"wp:featuredmedia":[{"embeddable":true,"href":"https:\/\/enipau.ro\/fr\/wp-json\/wp\/v2\/media\/26035"}],"wp:attachment":[{"href":"https:\/\/enipau.ro\/fr\/wp-json\/wp\/v2\/media?parent=26031"}],"wp:term":[{"taxonomy":"product_brand","embeddable":true,"href":"https:\/\/enipau.ro\/fr\/wp-json\/wp\/v2\/product_brand?post=26031"},{"taxonomy":"product_cat","embeddable":true,"href":"https:\/\/enipau.ro\/fr\/wp-json\/wp\/v2\/product_cat?post=26031"},{"taxonomy":"product_tag","embeddable":true,"href":"https:\/\/enipau.ro\/fr\/wp-json\/wp\/v2\/product_tag?post=26031"}],"curies":[{"name":"wp","href":"https:\/\/api.w.org\/{rel}","templated":true}]}}