{"id":26032,"date":"2020-05-15T08:06:16","date_gmt":"2020-05-15T08:06:16","guid":{"rendered":"https:\/\/enipau.ro\/produs\/uncategorized\/planche-de-rive-en-bois-bois-rabote-seche-avec-profil-resineux-classe-a\/"},"modified":"2025-12-11T18:54:17","modified_gmt":"2025-12-11T18:54:17","slug":"planche-de-rive-en-bois-bois-rabote-seche-avec-profil-resineux-classe-a","status":"publish","type":"product","link":"https:\/\/enipau.ro\/fr\/produit\/terrasses-et-balcons-en-bois\/planche-de-rive-en-bois-bois-rabote-seche-avec-profil-resineux-classe-a\/","title":{"rendered":"Planche de rive en bois bois rabot\u00e9 s\u00e9ch\u00e9 avec profil, r\u00e9sineux, classe A"},"content":{"rendered":"<p>Un chevron en bois profil\u00e9 est une planche plac\u00e9e verticalement \u00e0 l&#8217;extr\u00e9mit\u00e9 ext\u00e9rieure des chevrons d&#8217;un toit pour les dissimuler. Il est fini et \u00e9quip\u00e9 de deux bords profil\u00e9s. En fonction des besoins du client, Enipau r\u00e9alise une finition suppl\u00e9mentaire par rapport \u00e0 la finition de base.<br \/>\nNous impr\u00e9gnons et traitons le bois avec la couleur souhait\u00e9e et le livrons pr\u00eat \u00e0 l&#8217;emploi pour votre construction.<\/p>\n","protected":false},"excerpt":{"rendered":"<p>Nous fabriquons et vendons des balustrades en bois profil\u00e9 de diff\u00e9rents mod\u00e8les, s\u00e8ches et rabot\u00e9es, de diff\u00e9rentes tailles. Le garde-corps est une planche plac\u00e9e verticalement \u00e0 l&#8217;extr\u00e9mit\u00e9 ext\u00e9rieure des chevrons d&#8217;un toit afin de les dissimuler \u00e0 la vue. Il est fini et \u00e9quip\u00e9 de deux bords profil\u00e9s. En fonction des besoins du client, Enipau r\u00e9alise une finition suppl\u00e9mentaire \u00e0 la finition de base. Le bois est trait\u00e9 antiseptiquement pour d\u00e9truire les parasites et le traitement garantit une consommation de mat\u00e9riau qui prot\u00e8ge la surface.<\/p>\n","protected":false},"featured_media":26033,"comment_status":"closed","ping_status":"closed","template":"","meta":{"_acf_changed":false},"product_brand":[],"product_cat":[1988,2037,2145,1927],"product_tag":[],"class_list":{"0":"post-26032","1":"product","2":"type-product","3":"status-publish","4":"has-post-thumbnail","6":"product_cat-bois-depicea","7":"product_cat-bois-et-paille","8":"product_cat-bois-rabote","9":"product_cat-terrasses-et-balcons-en-bois","11":"first","12":"instock","13":"taxable","14":"shipping-taxable","15":"purchasable","16":"product-type-variable"},"acf":[],"_links":{"self":[{"href":"https:\/\/enipau.ro\/fr\/wp-json\/wp\/v2\/product\/26032","targetHints":{"allow":["GET"]}}],"collection":[{"href":"https:\/\/enipau.ro\/fr\/wp-json\/wp\/v2\/product"}],"about":[{"href":"https:\/\/enipau.ro\/fr\/wp-json\/wp\/v2\/types\/product"}],"replies":[{"embeddable":true,"href":"https:\/\/enipau.ro\/fr\/wp-json\/wp\/v2\/comments?post=26032"}],"wp:featuredmedia":[{"embeddable":true,"href":"https:\/\/enipau.ro\/fr\/wp-json\/wp\/v2\/media\/26033"}],"wp:attachment":[{"href":"https:\/\/enipau.ro\/fr\/wp-json\/wp\/v2\/media?parent=26032"}],"wp:term":[{"taxonomy":"product_brand","embeddable":true,"href":"https:\/\/enipau.ro\/fr\/wp-json\/wp\/v2\/product_brand?post=26032"},{"taxonomy":"product_cat","embeddable":true,"href":"https:\/\/enipau.ro\/fr\/wp-json\/wp\/v2\/product_cat?post=26032"},{"taxonomy":"product_tag","embeddable":true,"href":"https:\/\/enipau.ro\/fr\/wp-json\/wp\/v2\/product_tag?post=26032"}],"curies":[{"name":"wp","href":"https:\/\/api.w.org\/{rel}","templated":true}]}}