{"id":26047,"date":"2020-05-15T09:34:04","date_gmt":"2020-05-15T09:34:04","guid":{"rendered":"https:\/\/enipau.ro\/produs\/uncategorized\/plaque-osb\/"},"modified":"2020-05-15T09:34:04","modified_gmt":"2020-05-15T09:34:04","slug":"plaque-osb","status":"publish","type":"product","link":"https:\/\/enipau.ro\/fr\/produit\/osb-fr\/plaque-osb\/","title":{"rendered":"plaque osb"},"content":{"rendered":"<p>L&#8217;OSB est un panneau de bois &#8220;jeune&#8221;, rigide, compos\u00e9 d&#8217;un certain nombre de bandes orient\u00e9es, g\u00e9n\u00e9ralement au nombre de 3. Ces bandes sont de grandes lamelles de bois qui sont press\u00e9es et coll\u00e9es \u00e0 chaud pour former un support solide utilis\u00e9 dans la construction.<br \/>\nLa fa\u00e7on dont ces bandes sont pos\u00e9es avant d&#8217;\u00eatre press\u00e9es est la raison de la grande r\u00e9sistance de ces panneaux.<br \/>\nLes cloisons de s\u00e9paration de tout int\u00e9rieur assurent une bonne isolation thermique et phonique. En m\u00eame temps, ces cloisons OSB sont devenues une tendance dans la d\u00e9coration int\u00e9rieure car elles sont abordables et faciles \u00e0 traiter.<\/p>\n","protected":false},"excerpt":{"rendered":"<p>L&#8217;OSB a un r\u00f4le structurel polyvalent et une tr\u00e8s grande r\u00e9sistance. Avant d&#8217;\u00eatre transform\u00e9s, ces copeaux sont saupoudr\u00e9s de cire et de colle afin de rendre les panneaux uniformes. Ces panneaux peuvent \u00eatre utilis\u00e9s dans des environnements secs ou humides en tant que panneaux porteurs.  <\/p>\n","protected":false},"featured_media":26049,"comment_status":"closed","ping_status":"closed","template":"","meta":{"_acf_changed":false},"product_brand":[],"product_cat":[2295],"product_tag":[],"class_list":{"0":"post-26047","1":"product","2":"type-product","3":"status-publish","4":"has-post-thumbnail","6":"product_cat-osb-fr","8":"first","9":"instock","10":"taxable","11":"shipping-taxable","12":"purchasable","13":"product-type-variable"},"acf":[],"_links":{"self":[{"href":"https:\/\/enipau.ro\/fr\/wp-json\/wp\/v2\/product\/26047","targetHints":{"allow":["GET"]}}],"collection":[{"href":"https:\/\/enipau.ro\/fr\/wp-json\/wp\/v2\/product"}],"about":[{"href":"https:\/\/enipau.ro\/fr\/wp-json\/wp\/v2\/types\/product"}],"replies":[{"embeddable":true,"href":"https:\/\/enipau.ro\/fr\/wp-json\/wp\/v2\/comments?post=26047"}],"wp:featuredmedia":[{"embeddable":true,"href":"https:\/\/enipau.ro\/fr\/wp-json\/wp\/v2\/media\/26049"}],"wp:attachment":[{"href":"https:\/\/enipau.ro\/fr\/wp-json\/wp\/v2\/media?parent=26047"}],"wp:term":[{"taxonomy":"product_brand","embeddable":true,"href":"https:\/\/enipau.ro\/fr\/wp-json\/wp\/v2\/product_brand?post=26047"},{"taxonomy":"product_cat","embeddable":true,"href":"https:\/\/enipau.ro\/fr\/wp-json\/wp\/v2\/product_cat?post=26047"},{"taxonomy":"product_tag","embeddable":true,"href":"https:\/\/enipau.ro\/fr\/wp-json\/wp\/v2\/product_tag?post=26047"}],"curies":[{"name":"wp","href":"https:\/\/api.w.org\/{rel}","templated":true}]}}