{"id":26048,"date":"2020-05-15T08:17:19","date_gmt":"2020-05-15T08:17:19","guid":{"rendered":"https:\/\/enipau.ro\/produs\/uncategorized\/profile-dextremite-de-chevron-decoratif-traite-antiseptique-pour-terrasses-et-gloriettes\/"},"modified":"2020-05-15T08:17:19","modified_gmt":"2020-05-15T08:17:19","slug":"profile-dextremite-de-chevron-decoratif-traite-antiseptique-pour-terrasses-et-gloriettes","status":"publish","type":"product","link":"https:\/\/enipau.ro\/fr\/produit\/terrasses-et-balcons-en-bois\/profile-dextremite-de-chevron-decoratif-traite-antiseptique-pour-terrasses-et-gloriettes\/","title":{"rendered":"Profil\u00e9 d&#8217;extr\u00e9mit\u00e9 de chevron, d\u00e9coratif, trait\u00e9 antiseptique, pour terrasses et gloriettes"},"content":{"rendered":"<p>Profilage de l&#8217;extr\u00e9mit\u00e9 des chevrons selon un motif sp\u00e9cial, qui donne un aspect particulier au bois ponc\u00e9. Ce produit est disponible sur demande, uniquement lors de l&#8217;achat de mat\u00e9riaux de construction pour terrasses, pavillons de jardin, etc. Le bois est trait\u00e9 antiseptiquement pour d\u00e9truire les parasites et le traitement garantit une consommation de mat\u00e9riau qui assure la protection de la surface.<\/p>\n","protected":false},"excerpt":{"rendered":"<p>Demandez un devis pour nos extr\u00e9mit\u00e9s de chevrons en bois profil\u00e9 et nous vous dirons quelles solutions de montage ou de conception nous pouvons vous offrir. Nous impr\u00e9gnons et traitons le bois dans la couleur souhait\u00e9e et le livrons pr\u00eat \u00e0 l&#8217;emploi pour votre construction. <\/p>\n","protected":false},"featured_media":26050,"comment_status":"closed","ping_status":"closed","template":"","meta":{"_acf_changed":false},"product_brand":[],"product_cat":[1988,2037,2145,1927],"product_tag":[],"class_list":{"0":"post-26048","1":"product","2":"type-product","3":"status-publish","4":"has-post-thumbnail","6":"product_cat-bois-depicea","7":"product_cat-bois-et-paille","8":"product_cat-bois-rabote","9":"product_cat-terrasses-et-balcons-en-bois","11":"first","12":"instock","13":"taxable","14":"shipping-taxable","15":"purchasable","16":"product-type-simple"},"acf":[],"_links":{"self":[{"href":"https:\/\/enipau.ro\/fr\/wp-json\/wp\/v2\/product\/26048","targetHints":{"allow":["GET"]}}],"collection":[{"href":"https:\/\/enipau.ro\/fr\/wp-json\/wp\/v2\/product"}],"about":[{"href":"https:\/\/enipau.ro\/fr\/wp-json\/wp\/v2\/types\/product"}],"replies":[{"embeddable":true,"href":"https:\/\/enipau.ro\/fr\/wp-json\/wp\/v2\/comments?post=26048"}],"wp:featuredmedia":[{"embeddable":true,"href":"https:\/\/enipau.ro\/fr\/wp-json\/wp\/v2\/media\/26050"}],"wp:attachment":[{"href":"https:\/\/enipau.ro\/fr\/wp-json\/wp\/v2\/media?parent=26048"}],"wp:term":[{"taxonomy":"product_brand","embeddable":true,"href":"https:\/\/enipau.ro\/fr\/wp-json\/wp\/v2\/product_brand?post=26048"},{"taxonomy":"product_cat","embeddable":true,"href":"https:\/\/enipau.ro\/fr\/wp-json\/wp\/v2\/product_cat?post=26048"},{"taxonomy":"product_tag","embeddable":true,"href":"https:\/\/enipau.ro\/fr\/wp-json\/wp\/v2\/product_tag?post=26048"}],"curies":[{"name":"wp","href":"https:\/\/api.w.org\/{rel}","templated":true}]}}