{"id":26059,"date":"2020-05-15T08:20:30","date_gmt":"2020-05-15T08:20:30","guid":{"rendered":"https:\/\/enipau.ro\/produs\/uncategorized\/contrefacon-de-bois-scie-resineux-classe-a\/"},"modified":"2020-05-15T08:20:30","modified_gmt":"2020-05-15T08:20:30","slug":"contrefacon-de-bois-scie-resineux-classe-a","status":"publish","type":"product","link":"https:\/\/enipau.ro\/fr\/produit\/terrasses-et-balcons-en-bois\/contrefacon-de-bois-scie-resineux-classe-a\/","title":{"rendered":"Contrefa\u00e7on de bois sci\u00e9, r\u00e9sineux, classe A"},"content":{"rendered":"<p>Avant de d\u00e9cider de la construction d&#8217;une terrasse, vous pouvez demander des instructions aux sp\u00e9cialistes d&#8217;Enipau. Ce produit est \u00e0 la fois d\u00e9coratif et porteur, car il sert de support aux poutres de la terrasse.<\/p>\n","protected":false},"excerpt":{"rendered":"<p>Nous vous proposons un contre-solin utilis\u00e9 pour les terrasses ou les gloriettes entre la poutre et le poteau pour la solidit\u00e9, mais aussi pour l&#8217;esth\u00e9tique. Produit offert lors de l&#8217;achat de mat\u00e9riaux de construction pour maisons, terrasses, balcons, gloriettes, etc. Les extr\u00e9mit\u00e9s et les contreforts sont pos\u00e9s, assembl\u00e9s ou transport\u00e9s sur demande. Le bois est trait\u00e9 antiseptiquement pour d\u00e9truire les parasites et le traitement garantit une consommation de mat\u00e9riau qui assure la protection de la surface.   <\/p>\n","protected":false},"featured_media":26063,"comment_status":"closed","ping_status":"closed","template":"","meta":{"_acf_changed":false},"product_brand":[],"product_cat":[1988,2037,2145,1927],"product_tag":[],"class_list":{"0":"post-26059","1":"product","2":"type-product","3":"status-publish","4":"has-post-thumbnail","6":"product_cat-bois-depicea","7":"product_cat-bois-et-paille","8":"product_cat-bois-rabote","9":"product_cat-terrasses-et-balcons-en-bois","11":"first","12":"instock","13":"taxable","14":"shipping-taxable","15":"purchasable","16":"product-type-simple"},"acf":[],"_links":{"self":[{"href":"https:\/\/enipau.ro\/fr\/wp-json\/wp\/v2\/product\/26059","targetHints":{"allow":["GET"]}}],"collection":[{"href":"https:\/\/enipau.ro\/fr\/wp-json\/wp\/v2\/product"}],"about":[{"href":"https:\/\/enipau.ro\/fr\/wp-json\/wp\/v2\/types\/product"}],"replies":[{"embeddable":true,"href":"https:\/\/enipau.ro\/fr\/wp-json\/wp\/v2\/comments?post=26059"}],"wp:featuredmedia":[{"embeddable":true,"href":"https:\/\/enipau.ro\/fr\/wp-json\/wp\/v2\/media\/26063"}],"wp:attachment":[{"href":"https:\/\/enipau.ro\/fr\/wp-json\/wp\/v2\/media?parent=26059"}],"wp:term":[{"taxonomy":"product_brand","embeddable":true,"href":"https:\/\/enipau.ro\/fr\/wp-json\/wp\/v2\/product_brand?post=26059"},{"taxonomy":"product_cat","embeddable":true,"href":"https:\/\/enipau.ro\/fr\/wp-json\/wp\/v2\/product_cat?post=26059"},{"taxonomy":"product_tag","embeddable":true,"href":"https:\/\/enipau.ro\/fr\/wp-json\/wp\/v2\/product_tag?post=26059"}],"curies":[{"name":"wp","href":"https:\/\/api.w.org\/{rel}","templated":true}]}}