{"id":26068,"date":"2020-05-15T08:36:41","date_gmt":"2020-05-15T08:36:41","guid":{"rendered":"https:\/\/enipau.ro\/produs\/uncategorized\/traite-de-lambris-resineux\/"},"modified":"2020-05-15T08:36:41","modified_gmt":"2020-05-15T08:36:41","slug":"traite-de-lambris-resineux","status":"publish","type":"product","link":"https:\/\/enipau.ro\/fr\/produit\/lambris-exterieur\/traite-de-lambris-resineux\/","title":{"rendered":"Trait\u00e9 de Lambris R\u00e9sineux"},"content":{"rendered":"<p>Les lambris peuvent \u00eatre color\u00e9s \u00e0 la demande du client dans diff\u00e9rentes teintes. Il est utilis\u00e9 pour le rev\u00eatement horizontal et vertical d&#8217;\u00e9l\u00e9ments de construction, pour l&#8217;habillage des avant-toits, pour les terrasses, les gloriettes, ainsi que pour les murs des cabanes en bois.<br \/>\nLes lambris ont une longue dur\u00e9e de vie (10 \u00e0 20 ans) s&#8217;ils sont correctement entretenus. En fonction de l&#8217;essence de bois utilis\u00e9e, le bois doit \u00eatre prot\u00e9g\u00e9 avec diff\u00e9rentes solutions chimiques qui ne nuisent pas aux personnes qui se trouvent \u00e0 proximit\u00e9 de la construction.<br \/>\nEn plus d&#8217;une esth\u00e9tique moderne, l&#8217;isolation thermique et acoustique suppl\u00e9mentaire ainsi que la longue dur\u00e9e de vie sont un avantage. En cas de r\u00e9paration ou de remplacement, il n&#8217;est pas n\u00e9cessaire de reconstruire \u00e0 partir de 0.<\/p>\n","protected":false},"excerpt":{"rendered":"<p>Nous proposons des lambris r\u00e9sineux trait\u00e9s de 18 mm et 20 mm dans diff\u00e9rentes tailles. Les lambris sont pourvus d&#8217;Assemblage rainure et languette sur les c\u00f4t\u00e9s. Nous disposons de lambris secs, finis, de haute qualit\u00e9 et exempts de n\u0153uds tomb\u00e9s. Ils sont s\u00e9ch\u00e9s, rabot\u00e9s et trait\u00e9s de mani\u00e8re optimale avec une couche de cire et deux couches de laques de la gamme Millesi incluses dans le prix. Le bois est trait\u00e9 antiseptiquement pour \u00e9liminer les parasites et le traitement garantit une consommation de mat\u00e9riau qui prot\u00e8ge la surface.    <\/p>\n","protected":false},"featured_media":26072,"comment_status":"closed","ping_status":"closed","template":"","meta":{"_acf_changed":false},"product_brand":[],"product_cat":[2025,2038,1923],"product_tag":[],"class_list":{"0":"post-26068","1":"product","2":"type-product","3":"status-publish","4":"has-post-thumbnail","6":"product_cat-finition-lazure-ciree-impregnee","7":"product_cat-lambris-en-bois-resineux-brut","8":"product_cat-lambris-exterieur","10":"first","11":"instock","12":"taxable","13":"shipping-taxable","14":"purchasable","15":"product-type-variable"},"acf":[],"_links":{"self":[{"href":"https:\/\/enipau.ro\/fr\/wp-json\/wp\/v2\/product\/26068","targetHints":{"allow":["GET"]}}],"collection":[{"href":"https:\/\/enipau.ro\/fr\/wp-json\/wp\/v2\/product"}],"about":[{"href":"https:\/\/enipau.ro\/fr\/wp-json\/wp\/v2\/types\/product"}],"replies":[{"embeddable":true,"href":"https:\/\/enipau.ro\/fr\/wp-json\/wp\/v2\/comments?post=26068"}],"wp:featuredmedia":[{"embeddable":true,"href":"https:\/\/enipau.ro\/fr\/wp-json\/wp\/v2\/media\/26072"}],"wp:attachment":[{"href":"https:\/\/enipau.ro\/fr\/wp-json\/wp\/v2\/media?parent=26068"}],"wp:term":[{"taxonomy":"product_brand","embeddable":true,"href":"https:\/\/enipau.ro\/fr\/wp-json\/wp\/v2\/product_brand?post=26068"},{"taxonomy":"product_cat","embeddable":true,"href":"https:\/\/enipau.ro\/fr\/wp-json\/wp\/v2\/product_cat?post=26068"},{"taxonomy":"product_tag","embeddable":true,"href":"https:\/\/enipau.ro\/fr\/wp-json\/wp\/v2\/product_tag?post=26068"}],"curies":[{"name":"wp","href":"https:\/\/api.w.org\/{rel}","templated":true}]}}