{"id":26076,"date":"2020-05-15T10:22:37","date_gmt":"2020-05-15T10:22:37","guid":{"rendered":"https:\/\/enipau.ro\/produs\/uncategorized\/plinthe-5\/"},"modified":"2020-05-15T10:22:37","modified_gmt":"2020-05-15T10:22:37","slug":"plinthe-5","status":"publish","type":"product","link":"https:\/\/enipau.ro\/fr\/produit\/plinthe-en-bois\/plinthe-5\/","title":{"rendered":"Plinthe 5"},"content":{"rendered":"<p>D&#8217;un point de vue esth\u00e9tique, la plinthe rend la transition entre le mur et le sol ou le plafond visuellement agr\u00e9able. Il est conseill\u00e9 d&#8217;utiliser des plinthes en bois \u00e0 c\u00f4t\u00e9 d&#8217;un parquet ou sur les plafonds des cabanes en bois.<\/p>\n","protected":false},"excerpt":{"rendered":"<p>Nous fabriquons et vendons des plinthes en bois profil\u00e9 de diff\u00e9rentes dimensions. La Plinthe est un \u00e9l\u00e9ment que l&#8217;on applique g\u00e9n\u00e9ralement au bas des murs pour d\u00e9limiter le sol ou aux plafonds, \u00e0 des fins esth\u00e9tiques. Enipau vous propose une large gamme de plinthes profil\u00e9es pour personnaliser votre maison comme vous le souhaitez.  <\/p>\n","protected":false},"featured_media":26080,"comment_status":"closed","ping_status":"closed","template":"","meta":{"_acf_changed":false},"product_brand":[],"product_cat":[2095],"product_tag":[],"class_list":{"0":"post-26076","1":"product","2":"type-product","3":"status-publish","4":"has-post-thumbnail","6":"product_cat-plinthe-en-bois","8":"first","9":"instock","10":"taxable","11":"shipping-taxable","12":"purchasable","13":"product-type-simple"},"acf":[],"_links":{"self":[{"href":"https:\/\/enipau.ro\/fr\/wp-json\/wp\/v2\/product\/26076","targetHints":{"allow":["GET"]}}],"collection":[{"href":"https:\/\/enipau.ro\/fr\/wp-json\/wp\/v2\/product"}],"about":[{"href":"https:\/\/enipau.ro\/fr\/wp-json\/wp\/v2\/types\/product"}],"replies":[{"embeddable":true,"href":"https:\/\/enipau.ro\/fr\/wp-json\/wp\/v2\/comments?post=26076"}],"wp:featuredmedia":[{"embeddable":true,"href":"https:\/\/enipau.ro\/fr\/wp-json\/wp\/v2\/media\/26080"}],"wp:attachment":[{"href":"https:\/\/enipau.ro\/fr\/wp-json\/wp\/v2\/media?parent=26076"}],"wp:term":[{"taxonomy":"product_brand","embeddable":true,"href":"https:\/\/enipau.ro\/fr\/wp-json\/wp\/v2\/product_brand?post=26076"},{"taxonomy":"product_cat","embeddable":true,"href":"https:\/\/enipau.ro\/fr\/wp-json\/wp\/v2\/product_cat?post=26076"},{"taxonomy":"product_tag","embeddable":true,"href":"https:\/\/enipau.ro\/fr\/wp-json\/wp\/v2\/product_tag?post=26076"}],"curies":[{"name":"wp","href":"https:\/\/api.w.org\/{rel}","templated":true}]}}