{"id":26085,"date":"2020-05-15T12:19:39","date_gmt":"2020-05-15T12:19:39","guid":{"rendered":"https:\/\/enipau.ro\/produs\/uncategorized\/panneau-de-cloture-en-bois-6\/"},"modified":"2020-05-15T12:19:39","modified_gmt":"2020-05-15T12:19:39","slug":"panneau-de-cloture-en-bois-6","status":"publish","type":"product","link":"https:\/\/enipau.ro\/fr\/produit\/elements-de-cloture-en-bois\/panneau-de-cloture-en-bois-6\/","title":{"rendered":"Panneau de cl\u00f4ture en bois 6"},"content":{"rendered":"<p>La cl\u00f4ture en bois, mod\u00e8le n\u00b0 6, peut r\u00e9sister sans probl\u00e8me pendant des d\u00e9cennies, en fonction du type de bois utilis\u00e9 et du traitement. Enipau propose des traitements sp\u00e9ciaux recommand\u00e9s contre les conditions environnementales ou le traitement. <a href=\"https:\/\/enipau.ro\/fr\/produits\/panneaux-de-cloture-en-bois\/\">D\u00e9couvrez toute la collection ici<\/a>! <\/p>\n<p>Le design de cette cl\u00f4ture est parfaitement con\u00e7u pour offrir deux avantages majeurs, \u00e0 savoir bloquer la vue de l&#8217;int\u00e9rieur et cl\u00f4turer parfaitement l&#8217;espace, donnant ainsi un sentiment de d\u00e9tente et de tranquillit\u00e9 m\u00eame au c\u0153ur d&#8217;une communaut\u00e9 anim\u00e9e. La planche de cette cl\u00f4ture est faite de \u00c9pic\u00e9a, positionn\u00e9e horizontalement, un excellent choix pour un aspect naturel !<\/p>\n","protected":false},"excerpt":{"rendered":"<p>La bonne vieille cl\u00f4ture en bois offre un aspect simple qui convient \u00e0 n&#8217;importe quel b\u00e2timent. Le design horizontal du panneau de cl\u00f4ture en bois num\u00e9ro 6 combine \u00e9l\u00e9gamment le style scandinave et le style traditionnel roumain. <\/p>\n","protected":false},"featured_media":26087,"comment_status":"closed","ping_status":"closed","template":"","meta":{"_acf_changed":false},"product_brand":[],"product_cat":[2105,2257],"product_tag":[],"class_list":{"0":"post-26085","1":"product","2":"type-product","3":"status-publish","4":"has-post-thumbnail","6":"product_cat-elements-de-cloture-en-bois","7":"product_cat-panneaux-de-cloture-en-bois","9":"first","10":"instock","11":"taxable","12":"shipping-taxable","13":"purchasable","14":"product-type-simple"},"acf":[],"_links":{"self":[{"href":"https:\/\/enipau.ro\/fr\/wp-json\/wp\/v2\/product\/26085","targetHints":{"allow":["GET"]}}],"collection":[{"href":"https:\/\/enipau.ro\/fr\/wp-json\/wp\/v2\/product"}],"about":[{"href":"https:\/\/enipau.ro\/fr\/wp-json\/wp\/v2\/types\/product"}],"replies":[{"embeddable":true,"href":"https:\/\/enipau.ro\/fr\/wp-json\/wp\/v2\/comments?post=26085"}],"wp:featuredmedia":[{"embeddable":true,"href":"https:\/\/enipau.ro\/fr\/wp-json\/wp\/v2\/media\/26087"}],"wp:attachment":[{"href":"https:\/\/enipau.ro\/fr\/wp-json\/wp\/v2\/media?parent=26085"}],"wp:term":[{"taxonomy":"product_brand","embeddable":true,"href":"https:\/\/enipau.ro\/fr\/wp-json\/wp\/v2\/product_brand?post=26085"},{"taxonomy":"product_cat","embeddable":true,"href":"https:\/\/enipau.ro\/fr\/wp-json\/wp\/v2\/product_cat?post=26085"},{"taxonomy":"product_tag","embeddable":true,"href":"https:\/\/enipau.ro\/fr\/wp-json\/wp\/v2\/product_tag?post=26085"}],"curies":[{"name":"wp","href":"https:\/\/api.w.org\/{rel}","templated":true}]}}