{"id":26086,"date":"2020-05-15T09:01:04","date_gmt":"2020-05-15T09:01:04","guid":{"rendered":"https:\/\/enipau.ro\/produs\/uncategorized\/corniere-en-bois-v\/"},"modified":"2020-05-15T09:01:04","modified_gmt":"2020-05-15T09:01:04","slug":"corniere-en-bois-v","status":"publish","type":"product","link":"https:\/\/enipau.ro\/fr\/produit\/corniere-en-bois\/corniere-en-bois-v\/","title":{"rendered":"Corni\u00e8re en bois V"},"content":{"rendered":"<p>Nous proposons des pi\u00e8ces d&#8217;angle en bois profil\u00e9es et de qualit\u00e9 construction qui permettent de prot\u00e9ger et de renforcer les joints d&#8217;angle. Elles sont \u00e9galement utilis\u00e9es \u00e0 des fins esth\u00e9tiques mais aussi de protection pour les poteaux en bois d&#8217;un chalet, afin de couvrir les angles du chalet, lui donnant ainsi un aspect l\u00e9g\u00e8rement arrondi.<\/p>\n","protected":false},"excerpt":{"rendered":"<p>Nous commercialisons et fabriquons des corni\u00e8res en bois en forme de V pour assembler des \u00e9l\u00e9ments en bois, tant sur le plan esth\u00e9tique que fonctionnel.<\/p>\n","protected":false},"featured_media":26088,"comment_status":"closed","ping_status":"closed","template":"","meta":{"_acf_changed":false},"product_brand":[],"product_cat":[2289],"product_tag":[],"class_list":{"0":"post-26086","1":"product","2":"type-product","3":"status-publish","4":"has-post-thumbnail","6":"product_cat-corniere-en-bois","8":"first","9":"instock","10":"taxable","11":"shipping-taxable","12":"purchasable","13":"product-type-variable","14":"has-default-attributes"},"acf":[],"_links":{"self":[{"href":"https:\/\/enipau.ro\/fr\/wp-json\/wp\/v2\/product\/26086","targetHints":{"allow":["GET"]}}],"collection":[{"href":"https:\/\/enipau.ro\/fr\/wp-json\/wp\/v2\/product"}],"about":[{"href":"https:\/\/enipau.ro\/fr\/wp-json\/wp\/v2\/types\/product"}],"replies":[{"embeddable":true,"href":"https:\/\/enipau.ro\/fr\/wp-json\/wp\/v2\/comments?post=26086"}],"wp:featuredmedia":[{"embeddable":true,"href":"https:\/\/enipau.ro\/fr\/wp-json\/wp\/v2\/media\/26088"}],"wp:attachment":[{"href":"https:\/\/enipau.ro\/fr\/wp-json\/wp\/v2\/media?parent=26086"}],"wp:term":[{"taxonomy":"product_brand","embeddable":true,"href":"https:\/\/enipau.ro\/fr\/wp-json\/wp\/v2\/product_brand?post=26086"},{"taxonomy":"product_cat","embeddable":true,"href":"https:\/\/enipau.ro\/fr\/wp-json\/wp\/v2\/product_cat?post=26086"},{"taxonomy":"product_tag","embeddable":true,"href":"https:\/\/enipau.ro\/fr\/wp-json\/wp\/v2\/product_tag?post=26086"}],"curies":[{"name":"wp","href":"https:\/\/api.w.org\/{rel}","templated":true}]}}