{"id":26095,"date":"2020-05-22T15:58:01","date_gmt":"2020-05-22T15:58:01","guid":{"rendered":"https:\/\/enipau.ro\/produs\/uncategorized\/couette-a-profil-arrondi\/"},"modified":"2020-05-22T15:58:01","modified_gmt":"2020-05-22T15:58:01","slug":"couette-a-profil-arrondi","status":"publish","type":"product","link":"https:\/\/enipau.ro\/fr\/produit\/bois-depicea\/couette-a-profil-arrondi\/","title":{"rendered":"Couette \u00e0 profil arrondi"},"content":{"rendered":"<p>Utilis\u00e9 en int\u00e9rieur, il offre l&#8217;aspect classique et in\u00e9dit d&#8217;un parquet ordinaire. Quels que soient vos besoins, l&#8217;\u00e9quipe d&#8217;Enipau peut transformer votre bois sur demande. Ce type de parquet est utilis\u00e9 pour rev\u00eatir les sols des maisons et des chalets. Le parquet en bois pr\u00e9sente de nombreux avantages tels qu&#8217;un confort thermique accru, un aspect naturel et une durabilit\u00e9.<\/p>\n","protected":false},"excerpt":{"rendered":"<p>Le bois utilis\u00e9 pour fabriquer les lames de parquet a \u00e9t\u00e9 s\u00e9ch\u00e9 au four pour obtenir une qualit\u00e9 sup\u00e9rieure. Les planches sont pourvues d&#8217;Assemblage rainure et languette sur les c\u00f4t\u00e9s. Ce type de planche est utilis\u00e9 pour s\u00e9parer les planchers dans les cabanes en bois ou les maisons en bois. Le bois est trait\u00e9 antiseptiquement pour d\u00e9truire les parasites et le traitement garantit une consommation de mat\u00e9riau qui prot\u00e8ge la surface.   <\/p>\n","protected":false},"featured_media":26097,"comment_status":"closed","ping_status":"closed","template":"","meta":{"_acf_changed":false},"product_brand":[],"product_cat":[1988,2163],"product_tag":[],"class_list":{"0":"post-26095","1":"product","2":"type-product","3":"status-publish","4":"has-post-thumbnail","6":"product_cat-bois-depicea","7":"product_cat-duvet-resineux","9":"first","10":"instock","11":"taxable","12":"shipping-taxable","13":"purchasable","14":"product-type-variable","15":"has-default-attributes"},"acf":[],"_links":{"self":[{"href":"https:\/\/enipau.ro\/fr\/wp-json\/wp\/v2\/product\/26095","targetHints":{"allow":["GET"]}}],"collection":[{"href":"https:\/\/enipau.ro\/fr\/wp-json\/wp\/v2\/product"}],"about":[{"href":"https:\/\/enipau.ro\/fr\/wp-json\/wp\/v2\/types\/product"}],"replies":[{"embeddable":true,"href":"https:\/\/enipau.ro\/fr\/wp-json\/wp\/v2\/comments?post=26095"}],"wp:featuredmedia":[{"embeddable":true,"href":"https:\/\/enipau.ro\/fr\/wp-json\/wp\/v2\/media\/26097"}],"wp:attachment":[{"href":"https:\/\/enipau.ro\/fr\/wp-json\/wp\/v2\/media?parent=26095"}],"wp:term":[{"taxonomy":"product_brand","embeddable":true,"href":"https:\/\/enipau.ro\/fr\/wp-json\/wp\/v2\/product_brand?post=26095"},{"taxonomy":"product_cat","embeddable":true,"href":"https:\/\/enipau.ro\/fr\/wp-json\/wp\/v2\/product_cat?post=26095"},{"taxonomy":"product_tag","embeddable":true,"href":"https:\/\/enipau.ro\/fr\/wp-json\/wp\/v2\/product_tag?post=26095"}],"curies":[{"name":"wp","href":"https:\/\/api.w.org\/{rel}","templated":true}]}}