{"id":26102,"date":"2020-06-05T17:38:30","date_gmt":"2020-06-05T17:38:30","guid":{"rendered":"https:\/\/enipau.ro\/produs\/uncategorized\/40mm-fibre-de-bois-resineux\/"},"modified":"2020-06-05T17:38:30","modified_gmt":"2020-06-05T17:38:30","slug":"40mm-fibre-de-bois-resineux","status":"publish","type":"product","link":"https:\/\/enipau.ro\/fr\/produit\/bois-depicea\/40mm-fibre-de-bois-resineux\/","title":{"rendered":"40mm fibre de bois r\u00e9sineux"},"content":{"rendered":"<p>Nous produisons et commercialisons des lames de parquet en bois r\u00e9sineux massif avec une chambre \u00e0 air de diff\u00e9rentes dimensions. Elle a une \u00e9paisseur de 40 mm et poss\u00e8de deux faces, l&#8217;une en bois et l&#8217;autre en lambris. Le bois utilis\u00e9 pour fabriquer la lame de parquet a \u00e9t\u00e9 s\u00e9ch\u00e9 pour obtenir une qualit\u00e9 sup\u00e9rieure. Les planches sont pourvues d&#8217;Assemblage rainure et languette sur les c\u00f4t\u00e9s. Ce type de planche est utilis\u00e9 pour s\u00e9parer les planchers dans les cabanes ou les maisons en rondins. Le bois est trait\u00e9 antiseptiquement pour d\u00e9truire les parasites et le traitement garantit une consommation de mat\u00e9riau qui assure la protection de la surface.<\/p>\n","protected":false},"excerpt":{"rendered":"<p>Caillebotis en bois r\u00e9sineux, avec bouche d&#8217;a\u00e9ration, 40 mm.<\/p>\n","protected":false},"featured_media":26104,"comment_status":"closed","ping_status":"closed","template":"","meta":{"_acf_changed":false},"product_brand":[],"product_cat":[1988,2163],"product_tag":[],"class_list":{"0":"post-26102","1":"product","2":"type-product","3":"status-publish","4":"has-post-thumbnail","6":"product_cat-bois-depicea","7":"product_cat-duvet-resineux","9":"first","10":"instock","11":"taxable","12":"shipping-taxable","13":"purchasable","14":"product-type-variable","15":"has-default-attributes"},"acf":[],"_links":{"self":[{"href":"https:\/\/enipau.ro\/fr\/wp-json\/wp\/v2\/product\/26102","targetHints":{"allow":["GET"]}}],"collection":[{"href":"https:\/\/enipau.ro\/fr\/wp-json\/wp\/v2\/product"}],"about":[{"href":"https:\/\/enipau.ro\/fr\/wp-json\/wp\/v2\/types\/product"}],"replies":[{"embeddable":true,"href":"https:\/\/enipau.ro\/fr\/wp-json\/wp\/v2\/comments?post=26102"}],"wp:featuredmedia":[{"embeddable":true,"href":"https:\/\/enipau.ro\/fr\/wp-json\/wp\/v2\/media\/26104"}],"wp:attachment":[{"href":"https:\/\/enipau.ro\/fr\/wp-json\/wp\/v2\/media?parent=26102"}],"wp:term":[{"taxonomy":"product_brand","embeddable":true,"href":"https:\/\/enipau.ro\/fr\/wp-json\/wp\/v2\/product_brand?post=26102"},{"taxonomy":"product_cat","embeddable":true,"href":"https:\/\/enipau.ro\/fr\/wp-json\/wp\/v2\/product_cat?post=26102"},{"taxonomy":"product_tag","embeddable":true,"href":"https:\/\/enipau.ro\/fr\/wp-json\/wp\/v2\/product_tag?post=26102"}],"curies":[{"name":"wp","href":"https:\/\/api.w.org\/{rel}","templated":true}]}}