{"id":26103,"date":"2020-05-22T16:30:42","date_gmt":"2020-05-22T16:30:42","guid":{"rendered":"https:\/\/enipau.ro\/produs\/uncategorized\/poteau-de-cloture-a-profil-en-u\/"},"modified":"2020-05-22T16:30:42","modified_gmt":"2020-05-22T16:30:42","slug":"poteau-de-cloture-a-profil-en-u","status":"publish","type":"product","link":"https:\/\/enipau.ro\/fr\/produit\/elements-de-cloture-en-bois\/poteau-de-cloture-a-profil-en-u\/","title":{"rendered":"Poteau de cl\u00f4ture \u00e0 profil en U"},"content":{"rendered":"<p>Le poteau de cl\u00f4ture \u00e0 profil en U est con\u00e7u pour masquer les poteaux m\u00e9talliques et prot\u00e9ger la cl\u00f4ture. Vous pouvez \u00e9galement choisir la couverture de cl\u00f4ture et de poteau dans le catalogue de produits. Nous impr\u00e9gnons et traitons le bois dans la couleur souhait\u00e9e et le livrons pr\u00eat \u00e0 l&#8217;emploi pour votre construction.<\/p>\n","protected":false},"excerpt":{"rendered":"<p>Le poteau de cl\u00f4ture en forme de U offre une protection et un soutien et permet de masquer les cl\u00f4tures ou les poteaux m\u00e9talliques. La livraison de produits de qualit\u00e9 est l&#8217;objectif principal lorsque nous transformons le bois, quel que soit le type de produit ou de mat\u00e9riau de construction. Demandez un devis et adressez-vous \u00e0 un repr\u00e9sentant d&#8217;Enipau. Le bois est trait\u00e9 antiseptiquement pour d\u00e9truire les parasites et le processus de traitement garantit une consommation de mat\u00e9riau qui assure la protection de la surface.   <\/p>\n","protected":false},"featured_media":26026,"comment_status":"closed","ping_status":"closed","template":"","meta":{"_acf_changed":false},"product_brand":[],"product_cat":[2105],"product_tag":[],"class_list":{"0":"post-26103","1":"product","2":"type-product","3":"status-publish","4":"has-post-thumbnail","6":"product_cat-elements-de-cloture-en-bois","8":"first","9":"instock","10":"taxable","11":"shipping-taxable","12":"purchasable","13":"product-type-variable"},"acf":[],"_links":{"self":[{"href":"https:\/\/enipau.ro\/fr\/wp-json\/wp\/v2\/product\/26103","targetHints":{"allow":["GET"]}}],"collection":[{"href":"https:\/\/enipau.ro\/fr\/wp-json\/wp\/v2\/product"}],"about":[{"href":"https:\/\/enipau.ro\/fr\/wp-json\/wp\/v2\/types\/product"}],"replies":[{"embeddable":true,"href":"https:\/\/enipau.ro\/fr\/wp-json\/wp\/v2\/comments?post=26103"}],"wp:featuredmedia":[{"embeddable":true,"href":"https:\/\/enipau.ro\/fr\/wp-json\/wp\/v2\/media\/26026"}],"wp:attachment":[{"href":"https:\/\/enipau.ro\/fr\/wp-json\/wp\/v2\/media?parent=26103"}],"wp:term":[{"taxonomy":"product_brand","embeddable":true,"href":"https:\/\/enipau.ro\/fr\/wp-json\/wp\/v2\/product_brand?post=26103"},{"taxonomy":"product_cat","embeddable":true,"href":"https:\/\/enipau.ro\/fr\/wp-json\/wp\/v2\/product_cat?post=26103"},{"taxonomy":"product_tag","embeddable":true,"href":"https:\/\/enipau.ro\/fr\/wp-json\/wp\/v2\/product_tag?post=26103"}],"curies":[{"name":"wp","href":"https:\/\/api.w.org\/{rel}","templated":true}]}}