{"id":26117,"date":"2020-05-26T16:41:59","date_gmt":"2020-05-26T16:41:59","guid":{"rendered":"https:\/\/enipau.ro\/produs\/uncategorized\/lambris-pour-facades\/"},"modified":"2020-05-26T16:41:59","modified_gmt":"2020-05-26T16:41:59","slug":"lambris-pour-facades","status":"publish","type":"product","link":"https:\/\/enipau.ro\/fr\/produit\/lambris-exterieur\/lambris-pour-facades\/","title":{"rendered":"Lambris pour fa\u00e7ades"},"content":{"rendered":"<p>La d\u00e9coration des fa\u00e7ades est diversifi\u00e9e, l&#8217;architecture moderne utilise de plus en plus le lambris en bois pour son c\u00f4t\u00e9 pratique. Les lambris de fa\u00e7ade peuvent \u00eatre utilis\u00e9s horizontalement ou verticalement, mais ils pr\u00e9sentent \u00e9galement des avantages pratiques tels que l&#8217;augmentation du confort thermique de l&#8217;int\u00e9rieur et la durabilit\u00e9 de la construction.<\/p>\n","protected":false},"excerpt":{"rendered":"<p>Comme pour les autres mat\u00e9riaux de construction, la qualit\u00e9 et les performances du bois pour lambris d\u00e9pendent du mod\u00e8le choisi ainsi que d&#8217;une construction et d&#8217;une installation correctes. Le processus d&#8217;impr\u00e9gnation de la laque \u00e0 base de cire de Millesi est inclus dans le prix. Les teintes souhait\u00e9es peuvent \u00eatre choisies \u00e0 l&#8217;aide d&#8217;une palette de couleurs. Le bois est trait\u00e9 antiseptiquement pour d\u00e9truire les parasites et le traitement garantit une consommation de mat\u00e9riau qui assure la protection de la surface.   <\/p>\n","protected":false},"featured_media":26118,"comment_status":"closed","ping_status":"closed","template":"","meta":{"_acf_changed":false},"product_brand":[],"product_cat":[1952,1923],"product_tag":[],"class_list":{"0":"post-26117","1":"product","2":"type-product","3":"status-publish","4":"has-post-thumbnail","6":"product_cat-elements-de-facade-facades-en-bois","7":"product_cat-lambris-exterieur","9":"first","10":"instock","11":"taxable","12":"shipping-taxable","13":"purchasable","14":"product-type-variable"},"acf":[],"_links":{"self":[{"href":"https:\/\/enipau.ro\/fr\/wp-json\/wp\/v2\/product\/26117","targetHints":{"allow":["GET"]}}],"collection":[{"href":"https:\/\/enipau.ro\/fr\/wp-json\/wp\/v2\/product"}],"about":[{"href":"https:\/\/enipau.ro\/fr\/wp-json\/wp\/v2\/types\/product"}],"replies":[{"embeddable":true,"href":"https:\/\/enipau.ro\/fr\/wp-json\/wp\/v2\/comments?post=26117"}],"wp:featuredmedia":[{"embeddable":true,"href":"https:\/\/enipau.ro\/fr\/wp-json\/wp\/v2\/media\/26118"}],"wp:attachment":[{"href":"https:\/\/enipau.ro\/fr\/wp-json\/wp\/v2\/media?parent=26117"}],"wp:term":[{"taxonomy":"product_brand","embeddable":true,"href":"https:\/\/enipau.ro\/fr\/wp-json\/wp\/v2\/product_brand?post=26117"},{"taxonomy":"product_cat","embeddable":true,"href":"https:\/\/enipau.ro\/fr\/wp-json\/wp\/v2\/product_cat?post=26117"},{"taxonomy":"product_tag","embeddable":true,"href":"https:\/\/enipau.ro\/fr\/wp-json\/wp\/v2\/product_tag?post=26117"}],"curies":[{"name":"wp","href":"https:\/\/api.w.org\/{rel}","templated":true}]}}