{"id":26125,"date":"2020-05-27T15:16:43","date_gmt":"2020-05-27T15:16:43","guid":{"rendered":"https:\/\/enipau.ro\/produs\/uncategorized\/chevron-ancien\/"},"modified":"2020-05-27T15:16:43","modified_gmt":"2020-05-27T15:16:43","slug":"chevron-ancien","status":"publish","type":"product","link":"https:\/\/enipau.ro\/fr\/produit\/lambris-interieur\/chevron-ancien\/","title":{"rendered":"Chevron ancien"},"content":{"rendered":"<p>L&#8217;antiquit\u00e9 ou la technique de vieillissement du bois d\u00e9crit les finitions qui donnent au bois une texture particuli\u00e8re. Le bois pr\u00e9sente souvent des &#8220;d\u00e9fauts&#8221; qui sont en fait d&#8217;origine naturelle : rayures, petits trous, ternissement, d\u00e9coloration du grain. Cet aspect sale, ou huileux\/brillant, prot\u00e8ge le bois tout en soulignant parfaitement le design vintage. Le processus d&#8217;antiquisation implique un s\u00e9chage sp\u00e9cial, un rabotage, puis des traitements sp\u00e9ciaux sont appliqu\u00e9s sur demande, une fois que l&#8217;on a d\u00e9cid\u00e9 de l&#8217;utilisation qui sera faite du bois dans la d\u00e9coration de la maison.<\/p>\n","protected":false},"excerpt":{"rendered":"<p>Nous proposons des chevrons patin\u00e9s pour les constructions int\u00e9rieures et ext\u00e9rieures sur les toits des maisons ou des chalets. En fonction de ce que vous recherchez, nous pouvons vous fournir des informations techniques sur le vernis, le degr\u00e9 de brillance ou la m\u00e9thode d&#8217;antiquisation du bois. Le prix ne comprend pas le processus d&#8217;impr\u00e9gnation de la laque \u00e0 base de cire Millesi. Les teintes classiques telles que le gris anthracite, le blanc, le blanc cass\u00e9, le blanc cass\u00e9, le cr\u00e8me ou toute autre teinte souhait\u00e9e peuvent \u00eatre choisies \u00e0 l&#8217;aide d&#8217;une palette de couleurs.   <\/p>\n","protected":false},"featured_media":26133,"comment_status":"closed","ping_status":"closed","template":"","meta":{"_acf_changed":false},"product_brand":[],"product_cat":[1937,1936],"product_tag":[],"class_list":{"0":"post-26125","1":"product","2":"type-product","3":"status-publish","4":"has-post-thumbnail","6":"product_cat-bois-ancien","7":"product_cat-lambris-interieur","9":"first","10":"instock","11":"taxable","12":"shipping-taxable","13":"purchasable","14":"product-type-variable"},"acf":[],"_links":{"self":[{"href":"https:\/\/enipau.ro\/fr\/wp-json\/wp\/v2\/product\/26125","targetHints":{"allow":["GET"]}}],"collection":[{"href":"https:\/\/enipau.ro\/fr\/wp-json\/wp\/v2\/product"}],"about":[{"href":"https:\/\/enipau.ro\/fr\/wp-json\/wp\/v2\/types\/product"}],"replies":[{"embeddable":true,"href":"https:\/\/enipau.ro\/fr\/wp-json\/wp\/v2\/comments?post=26125"}],"wp:featuredmedia":[{"embeddable":true,"href":"https:\/\/enipau.ro\/fr\/wp-json\/wp\/v2\/media\/26133"}],"wp:attachment":[{"href":"https:\/\/enipau.ro\/fr\/wp-json\/wp\/v2\/media?parent=26125"}],"wp:term":[{"taxonomy":"product_brand","embeddable":true,"href":"https:\/\/enipau.ro\/fr\/wp-json\/wp\/v2\/product_brand?post=26125"},{"taxonomy":"product_cat","embeddable":true,"href":"https:\/\/enipau.ro\/fr\/wp-json\/wp\/v2\/product_cat?post=26125"},{"taxonomy":"product_tag","embeddable":true,"href":"https:\/\/enipau.ro\/fr\/wp-json\/wp\/v2\/product_tag?post=26125"}],"curies":[{"name":"wp","href":"https:\/\/api.w.org\/{rel}","templated":true}]}}