{"id":26178,"date":"2021-02-14T11:49:10","date_gmt":"2021-02-14T11:49:10","guid":{"rendered":"https:\/\/enipau.ro\/produs\/uncategorized\/plaques-dassemblage\/"},"modified":"2021-02-14T11:49:10","modified_gmt":"2021-02-14T11:49:10","slug":"plaques-dassemblage","status":"publish","type":"product","link":"https:\/\/enipau.ro\/fr\/produit\/connecteurs-en-bois-quincaillerie\/plaques-dassemblage\/","title":{"rendered":"Plaques d&#8217;assemblage"},"content":{"rendered":"<p>Enipau est \u00e0 votre disposition avec des fixations pour le bois et plus encore. Demandez un devis ou discutez-en avec notre conseiller sp\u00e9cialis\u00e9. Les connecteurs en bois appartiennent \u00e0 la cat\u00e9gorie des &#8220;fixations pour la construction en bois&#8221; et sont utilis\u00e9s par les charpentiers et les monteurs de charpentes en bois pour fixer les \u00e9l\u00e9ments structurels en bois par pression.<\/p>\n","protected":false},"excerpt":{"rendered":"<p>Il est fabriqu\u00e9 en t\u00f4le d&#8217;acier galvanis\u00e9e. Il est principalement utilis\u00e9 pour fabriquer diverses structures en bois dans les maisons, les toits, les garages, les pergolas, les gloriettes, les terrasses, les garde-corps, les cl\u00f4tures, les portails, etc. <\/p>\n","protected":false},"featured_media":26185,"comment_status":"closed","ping_status":"closed","template":"","meta":{"_acf_changed":false},"product_brand":[],"product_cat":[2052],"product_tag":[],"class_list":{"0":"post-26178","1":"product","2":"type-product","3":"status-publish","4":"has-post-thumbnail","6":"product_cat-connecteurs-en-bois-quincaillerie","8":"first","9":"instock","10":"taxable","11":"shipping-taxable","12":"purchasable","13":"product-type-variable"},"acf":[],"_links":{"self":[{"href":"https:\/\/enipau.ro\/fr\/wp-json\/wp\/v2\/product\/26178","targetHints":{"allow":["GET"]}}],"collection":[{"href":"https:\/\/enipau.ro\/fr\/wp-json\/wp\/v2\/product"}],"about":[{"href":"https:\/\/enipau.ro\/fr\/wp-json\/wp\/v2\/types\/product"}],"replies":[{"embeddable":true,"href":"https:\/\/enipau.ro\/fr\/wp-json\/wp\/v2\/comments?post=26178"}],"wp:featuredmedia":[{"embeddable":true,"href":"https:\/\/enipau.ro\/fr\/wp-json\/wp\/v2\/media\/26185"}],"wp:attachment":[{"href":"https:\/\/enipau.ro\/fr\/wp-json\/wp\/v2\/media?parent=26178"}],"wp:term":[{"taxonomy":"product_brand","embeddable":true,"href":"https:\/\/enipau.ro\/fr\/wp-json\/wp\/v2\/product_brand?post=26178"},{"taxonomy":"product_cat","embeddable":true,"href":"https:\/\/enipau.ro\/fr\/wp-json\/wp\/v2\/product_cat?post=26178"},{"taxonomy":"product_tag","embeddable":true,"href":"https:\/\/enipau.ro\/fr\/wp-json\/wp\/v2\/product_tag?post=26178"}],"curies":[{"name":"wp","href":"https:\/\/api.w.org\/{rel}","templated":true}]}}