{"id":26227,"date":"2021-02-14T12:04:30","date_gmt":"2021-02-14T12:04:30","guid":{"rendered":"https:\/\/enipau.ro\/produs\/uncategorized\/ancrage-de-la-plume-doie\/"},"modified":"2021-02-14T12:04:30","modified_gmt":"2021-02-14T12:04:30","slug":"ancrage-de-la-plume-doie","status":"publish","type":"product","link":"https:\/\/enipau.ro\/fr\/produit\/connecteurs-en-bois-quincaillerie\/ancrage-de-la-plume-doie\/","title":{"rendered":"Ancrage de la plume d&#8217;oie"},"content":{"rendered":"<p>Pour la fixation suppl\u00e9mentaire de chevrons ou de lambris. Ils peuvent \u00eatre utilis\u00e9s \u00e0 gauche ou \u00e0 droite. Ils sont galvanis\u00e9s et marqu\u00e9s CE.<\/p>\n","protected":false},"excerpt":{"rendered":"<p>L&#8217;ancre de calage pour chevrons est utilis\u00e9e pour fixer les chevrons \u00e0 un serpentin. Elle est fabriqu\u00e9e en acier et existe en diff\u00e9rentes tailles. Choisissez la bonne taille dans le menu.  <\/p>\n","protected":false},"featured_media":26233,"comment_status":"closed","ping_status":"closed","template":"","meta":{"_acf_changed":false},"product_brand":[],"product_cat":[2052],"product_tag":[],"class_list":{"0":"post-26227","1":"product","2":"type-product","3":"status-publish","4":"has-post-thumbnail","6":"product_cat-connecteurs-en-bois-quincaillerie","8":"first","9":"instock","10":"taxable","11":"shipping-taxable","12":"purchasable","13":"product-type-variable"},"acf":[],"_links":{"self":[{"href":"https:\/\/enipau.ro\/fr\/wp-json\/wp\/v2\/product\/26227","targetHints":{"allow":["GET"]}}],"collection":[{"href":"https:\/\/enipau.ro\/fr\/wp-json\/wp\/v2\/product"}],"about":[{"href":"https:\/\/enipau.ro\/fr\/wp-json\/wp\/v2\/types\/product"}],"replies":[{"embeddable":true,"href":"https:\/\/enipau.ro\/fr\/wp-json\/wp\/v2\/comments?post=26227"}],"wp:featuredmedia":[{"embeddable":true,"href":"https:\/\/enipau.ro\/fr\/wp-json\/wp\/v2\/media\/26233"}],"wp:attachment":[{"href":"https:\/\/enipau.ro\/fr\/wp-json\/wp\/v2\/media?parent=26227"}],"wp:term":[{"taxonomy":"product_brand","embeddable":true,"href":"https:\/\/enipau.ro\/fr\/wp-json\/wp\/v2\/product_brand?post=26227"},{"taxonomy":"product_cat","embeddable":true,"href":"https:\/\/enipau.ro\/fr\/wp-json\/wp\/v2\/product_cat?post=26227"},{"taxonomy":"product_tag","embeddable":true,"href":"https:\/\/enipau.ro\/fr\/wp-json\/wp\/v2\/product_tag?post=26227"}],"curies":[{"name":"wp","href":"https:\/\/api.w.org\/{rel}","templated":true}]}}