{"id":26272,"date":"2020-05-27T15:30:07","date_gmt":"2020-05-27T15:30:07","guid":{"rendered":"https:\/\/enipau.ro\/produs\/uncategorized\/poutre-antiquaire\/"},"modified":"2020-05-27T15:30:07","modified_gmt":"2020-05-27T15:30:07","slug":"poutre-antiquaire","status":"publish","type":"product","link":"https:\/\/enipau.ro\/fr\/produit\/lambris-interieur\/poutre-antiquaire\/","title":{"rendered":"Poutre antiquaire"},"content":{"rendered":"<p>Les poutres sont un autre mat\u00e9riau qui peut \u00eatre vieilli et utilis\u00e9 pour les terrasses, les toits, les plafonds ou les greniers. Mais avant de choisir un motif, consultez votre technicien Enipau car il est souvent possible de faire des combinaisons de bois pour une m\u00eame pi\u00e8ce ou de choisir des bois patin\u00e9s diff\u00e9rents dans des zones particuli\u00e8res de votre maison. Le processus d&#8217;antiquisation implique un s\u00e9chage sp\u00e9cial, un rabotage, puis des traitements sp\u00e9ciaux sont appliqu\u00e9s sur demande, une fois que l&#8217;utilisation dans le projet de maison est d\u00e9termin\u00e9e.<\/p>\n","protected":false},"excerpt":{"rendered":"<p>Par antiquit\u00e9, nous entendons les techniques de vieillissement du bois uniquement pour l&#8217;aspect et l&#8217;int\u00e9gration \u00e0 d&#8217;autres \u00e9l\u00e9ments de design. Ces techniques n&#8217;enl\u00e8vent rien \u00e0 la qualit\u00e9 du bois mais constituent des finitions l\u00e9g\u00e8res qui, en outre, peuvent couvrir les d\u00e9fauts naturels du bois. Le prix ne comprend PAS le processus d&#8217;impr\u00e9gnation de la laque Millesi \u00e0 base de cire. Les teintes classiques telles que le gris anthracite, le blanc, le blanc cass\u00e9, le blanc cass\u00e9, le cr\u00e8me ou toutes les teintes souhait\u00e9es peuvent \u00eatre choisies \u00e0 l&#8217;aide d&#8217;une palette de couleurs.   <\/p>\n","protected":false},"featured_media":26134,"comment_status":"closed","ping_status":"closed","template":"","meta":{"_acf_changed":false},"product_brand":[],"product_cat":[1937,1936],"product_tag":[],"class_list":{"0":"post-26272","1":"product","2":"type-product","3":"status-publish","4":"has-post-thumbnail","6":"product_cat-bois-ancien","7":"product_cat-lambris-interieur","9":"first","10":"instock","11":"taxable","12":"shipping-taxable","13":"purchasable","14":"product-type-variable"},"acf":[],"_links":{"self":[{"href":"https:\/\/enipau.ro\/fr\/wp-json\/wp\/v2\/product\/26272","targetHints":{"allow":["GET"]}}],"collection":[{"href":"https:\/\/enipau.ro\/fr\/wp-json\/wp\/v2\/product"}],"about":[{"href":"https:\/\/enipau.ro\/fr\/wp-json\/wp\/v2\/types\/product"}],"replies":[{"embeddable":true,"href":"https:\/\/enipau.ro\/fr\/wp-json\/wp\/v2\/comments?post=26272"}],"wp:featuredmedia":[{"embeddable":true,"href":"https:\/\/enipau.ro\/fr\/wp-json\/wp\/v2\/media\/26134"}],"wp:attachment":[{"href":"https:\/\/enipau.ro\/fr\/wp-json\/wp\/v2\/media?parent=26272"}],"wp:term":[{"taxonomy":"product_brand","embeddable":true,"href":"https:\/\/enipau.ro\/fr\/wp-json\/wp\/v2\/product_brand?post=26272"},{"taxonomy":"product_cat","embeddable":true,"href":"https:\/\/enipau.ro\/fr\/wp-json\/wp\/v2\/product_cat?post=26272"},{"taxonomy":"product_tag","embeddable":true,"href":"https:\/\/enipau.ro\/fr\/wp-json\/wp\/v2\/product_tag?post=26272"}],"curies":[{"name":"wp","href":"https:\/\/api.w.org\/{rel}","templated":true}]}}