{"id":26309,"date":"2021-02-14T12:13:06","date_gmt":"2021-02-14T12:13:06","guid":{"rendered":"https:\/\/enipau.ro\/produs\/uncategorized\/ruban-de-montage\/"},"modified":"2021-02-14T12:13:06","modified_gmt":"2021-02-14T12:13:06","slug":"ruban-de-montage","status":"publish","type":"product","link":"https:\/\/enipau.ro\/fr\/produit\/connecteurs-en-bois-quincaillerie\/ruban-de-montage\/","title":{"rendered":"Ruban de montage"},"content":{"rendered":"<div class=\"product-page-description-text\">\n<div id=\"description-body\" class=\"collapse-offset collapse in\">\n<p>Il est utilis\u00e9 pour suspendre des tuyaux de ventilation circulaires ou ovales, g\u00e9n\u00e9ralement dans des endroits o\u00f9 il n&#8217;est pas possible d&#8217;installer des colliers.<\/p>\n<\/div>\n<div class=\"text-left collapse-button-inside\"><\/div>\n<\/div>\n","protected":false},"excerpt":{"rendered":"<p>Le ruban de montage perfor\u00e9 est un tendeur de c\u00e2ble en m\u00e9tal, conditionn\u00e9 sous forme de bobine. L&#8217;utilisation de vis plus petites et de vis desserr\u00e9es entra\u00eene une diminution plus importante de la charge de rupture. Le chargement des bandes perfor\u00e9es ne doit se faire que dans les perforations rondes.  <\/p>\n","protected":false},"featured_media":26310,"comment_status":"closed","ping_status":"closed","template":"","meta":{"_acf_changed":false},"product_brand":[],"product_cat":[2052],"product_tag":[],"class_list":{"0":"post-26309","1":"product","2":"type-product","3":"status-publish","4":"has-post-thumbnail","6":"product_cat-connecteurs-en-bois-quincaillerie","8":"first","9":"instock","10":"taxable","11":"shipping-taxable","12":"purchasable","13":"product-type-variable"},"acf":[],"_links":{"self":[{"href":"https:\/\/enipau.ro\/fr\/wp-json\/wp\/v2\/product\/26309","targetHints":{"allow":["GET"]}}],"collection":[{"href":"https:\/\/enipau.ro\/fr\/wp-json\/wp\/v2\/product"}],"about":[{"href":"https:\/\/enipau.ro\/fr\/wp-json\/wp\/v2\/types\/product"}],"replies":[{"embeddable":true,"href":"https:\/\/enipau.ro\/fr\/wp-json\/wp\/v2\/comments?post=26309"}],"wp:featuredmedia":[{"embeddable":true,"href":"https:\/\/enipau.ro\/fr\/wp-json\/wp\/v2\/media\/26310"}],"wp:attachment":[{"href":"https:\/\/enipau.ro\/fr\/wp-json\/wp\/v2\/media?parent=26309"}],"wp:term":[{"taxonomy":"product_brand","embeddable":true,"href":"https:\/\/enipau.ro\/fr\/wp-json\/wp\/v2\/product_brand?post=26309"},{"taxonomy":"product_cat","embeddable":true,"href":"https:\/\/enipau.ro\/fr\/wp-json\/wp\/v2\/product_cat?post=26309"},{"taxonomy":"product_tag","embeddable":true,"href":"https:\/\/enipau.ro\/fr\/wp-json\/wp\/v2\/product_tag?post=26309"}],"curies":[{"name":"wp","href":"https:\/\/api.w.org\/{rel}","templated":true}]}}