{"id":26314,"date":"2021-02-14T12:24:31","date_gmt":"2021-02-14T12:24:31","guid":{"rendered":"https:\/\/enipau.ro\/produs\/uncategorized\/carte-multi-puces\/"},"modified":"2021-02-14T12:24:31","modified_gmt":"2021-02-14T12:24:31","slug":"carte-multi-puces","status":"publish","type":"product","link":"https:\/\/enipau.ro\/fr\/produit\/connecteurs-en-bois-quincaillerie\/carte-multi-puces\/","title":{"rendered":"Carte multi-puces"},"content":{"rendered":"<p>Nous vendons diff\u00e9rentes tailles, utilisez le menu pour trouver les tailles dont vous avez besoin pour votre construction.<\/p>\n<p>Les connecteurs en bois font partie de la cat\u00e9gorie &#8220;fixations pour la construction en bois&#8221; et sont utilis\u00e9s par les charpentiers et les encadreurs pour fixer et assembler des \u00e9l\u00e9ments structurels en bois en les pressant.<\/p>\n","protected":false},"excerpt":{"rendered":"<p>La plaque multi-n\u0153uds est fabriqu\u00e9e en t\u00f4le d&#8217;acier. Elle est utile pour la fixation de stucs l\u00e9gers en bois. La couleur de la plaque est argent\u00e9e en raison du rev\u00eatement galvanis\u00e9.  <\/p>\n","protected":false},"featured_media":26315,"comment_status":"closed","ping_status":"closed","template":"","meta":{"_acf_changed":false},"product_brand":[],"product_cat":[2052],"product_tag":[],"class_list":{"0":"post-26314","1":"product","2":"type-product","3":"status-publish","4":"has-post-thumbnail","6":"product_cat-connecteurs-en-bois-quincaillerie","8":"first","9":"instock","10":"taxable","11":"shipping-taxable","12":"purchasable","13":"product-type-variable"},"acf":[],"_links":{"self":[{"href":"https:\/\/enipau.ro\/fr\/wp-json\/wp\/v2\/product\/26314","targetHints":{"allow":["GET"]}}],"collection":[{"href":"https:\/\/enipau.ro\/fr\/wp-json\/wp\/v2\/product"}],"about":[{"href":"https:\/\/enipau.ro\/fr\/wp-json\/wp\/v2\/types\/product"}],"replies":[{"embeddable":true,"href":"https:\/\/enipau.ro\/fr\/wp-json\/wp\/v2\/comments?post=26314"}],"wp:featuredmedia":[{"embeddable":true,"href":"https:\/\/enipau.ro\/fr\/wp-json\/wp\/v2\/media\/26315"}],"wp:attachment":[{"href":"https:\/\/enipau.ro\/fr\/wp-json\/wp\/v2\/media?parent=26314"}],"wp:term":[{"taxonomy":"product_brand","embeddable":true,"href":"https:\/\/enipau.ro\/fr\/wp-json\/wp\/v2\/product_brand?post=26314"},{"taxonomy":"product_cat","embeddable":true,"href":"https:\/\/enipau.ro\/fr\/wp-json\/wp\/v2\/product_cat?post=26314"},{"taxonomy":"product_tag","embeddable":true,"href":"https:\/\/enipau.ro\/fr\/wp-json\/wp\/v2\/product_tag?post=26314"}],"curies":[{"name":"wp","href":"https:\/\/api.w.org\/{rel}","templated":true}]}}